{"id":1488,"date":"2022-02-18T18:14:53","date_gmt":"2022-02-18T18:14:53","guid":{"rendered":"https:\/\/www.monalisahomes.es\/?page_id=1488"},"modified":"2022-02-18T18:14:53","modified_gmt":"2022-02-18T18:14:53","slug":"asistencia-legal","status":"publish","type":"page","link":"https:\/\/www.monalisahomes.es\/es\/servicios\/asistencia-legal\/","title":{"rendered":"Asistencia Legal"},"content":{"rendered":"<p>[vc_row][vc_column][vc_custom_heading text=\u00bbAsistencia Legal\u00bb font_container=\u00bbtag:h1|text_align:center\u00bb use_theme_fonts=\u00bbyes\u00bb][\/vc_column][\/vc_row][vc_row][vc_column width=\u00bb1\/2&#8243;][vc_column_text]<\/p>\n<h2><strong>Procedimiento de compra<\/strong><\/h2>\n<p>Comprar una propiedad es una de las decisiones m\u00e1s dif\u00edciles, pero en Espa\u00f1a el proceso no difiere mucho de comprar una propiedad en su pa\u00eds de origen.<\/p>\n<p>A continuaci\u00f3n detallamos la log\u00edsta, la ordenaci\u00f3n del proceso y algunos de los aspectos m\u00e1s importantes del proceso de compra.[\/vc_column_text][vc_single_image image=\u00bb694&#8243; img_size=\u00bb1390&#215;550&#8243; alignment=\u00bbcenter\u00bb][\/vc_column][vc_column width=\u00bb1\/2&#8243;][vc_column_text]<\/p>\n<h2><strong>Seguridad y confianza<\/strong><\/h2>\n<p>En <strong>Monalisa Homes<\/strong>, le asesoraremos y acompa\u00f1aremos durante todo el proceso legal, con el fin de que la operaci\u00f3n se realice con total transparencia.<\/p>\n<p>Nos aseguraremos de que en cada etapa del proceso tenga toda la informaci\u00f3n para asegurar la compraventa con las mayores garant\u00edas.[\/vc_column_text][vc_single_image image=\u00bb696&#8243; img_size=\u00bb1390&#215;550&#8243; alignment=\u00bbcenter\u00bb][\/vc_column][\/vc_row][vc_row][vc_column width=\u00bb1\/3&#8243;][vc_column_text]<\/p>\n<h3><strong>Situaci\u00f3n Jur\u00eddica<\/strong><\/h3>\n<p>[\/vc_column_text][vc_single_image image=\u00bb692&#8243; img_size=\u00bb443&#215;250&#8243;][vc_column_text]En primer lugar, hay que pedir los documentos necesarios.<\/p>\n<p>Es importante disponer de algunos de los siguientes documentos con el fin de saber cu\u00e1l es la situaci\u00f3n jur\u00eddica del inmueble.<\/p>\n<p>El Registro de la propiedad, la c\u00e9dula de habitabilidad, la confirmaci\u00f3n de que la propiedad est\u00e1 libre de cargas, su legalidad y que la superficie de la vivienda coincida con superficie catastral son algunos de los documentos m\u00e1s importantes que hay que solicitar.[\/vc_column_text][\/vc_column][vc_column width=\u00bb1\/3&#8243;][vc_column_text]<\/p>\n<h3><strong>Contrato privado<\/strong><\/h3>\n<p>[\/vc_column_text][vc_single_image image=\u00bb691&#8243; img_size=\u00bb443&#215;250&#8243;][vc_column_text]Una vez comprobado que todos los papeles pertenecientes al inmueble est\u00e1n en regla se proceder\u00e1 a la firma del contrato privado de compraventa que ser realizar\u00e1 antes de proceder a la Escritura de la propiedad.<\/p>\n<p>Este contrato no es obligatorio pero asegura la operaci\u00f3n de compra, fija el precio de compra y venta, se paga un dep\u00f3sito en concepto de reserva y permite disponer de un tiempo para preparar toda la documentaci\u00f3n necesaria para la firma posterior de la Escritura ante Notario.[\/vc_column_text][\/vc_column][vc_column width=\u00bb1\/3&#8243;][vc_column_text]<\/p>\n<h3><strong>Firma de Escritura<\/strong><\/h3>\n<p>[\/vc_column_text][vc_single_image image=\u00bb688&#8243; img_size=\u00bb443&#215;250&#8243;][vc_column_text]Por \u00faltimo, se proceder\u00e1 a la firma de la Escritura, entrega de llaves y pago de la propiedad.<\/p>\n<p>Para poder inscribir la propiedad en el Registro de la Propiedad es necesario firmar la Escritura ante Notario.<\/p>\n<p>La parte compradora es la que decide y elige el notario que m\u00e1s le convenga.<\/p>\n<p>Esta operaci\u00f3n conllevar\u00e1 diferentes gastos como el Registro en la Propiedad, gastos de notar\u00eda, impuestos y dem\u00e1s.[\/vc_column_text][\/vc_column][\/vc_row][vc_row][vc_column][\/vc_column][\/vc_row]<\/p>\n","protected":false},"excerpt":{"rendered":"<p>[vc_row][vc_column][vc_custom_heading text=\u00bbAsistencia Legal\u00bb font_container=\u00bbtag:h1|text_align:center\u00bb use_theme_fonts=\u00bbyes\u00bb][\/vc_column][\/vc_row][vc_row][vc_column width=\u00bb1\/2&#8243;][vc_column_text] Procedimiento de compra Comprar una propiedad es una de las decisiones m\u00e1s dif\u00edciles, pero en Espa\u00f1a el proceso no difiere mucho de comprar una propiedad en su pa\u00eds de origen. A continuaci\u00f3n detallamos la log\u00edsta, la ordenaci\u00f3n del proceso [&hellip;]<\/p>\n","protected":false},"author":1,"featured_media":0,"parent":723,"menu_order":1,"comment_status":"closed","ping_status":"closed","template":"","meta":{"footnotes":""},"class_list":["post-1488","page","type-page","status-publish","hentry"],"yoast_head":"<!-- This site is optimized with the Yoast SEO plugin v24.8 - https:\/\/yoast.com\/wordpress\/plugins\/seo\/ -->\n<title>Asistencia Legal - Monalisa Homes<\/title>\n<meta name=\"robots\" content=\"index, follow, max-snippet:-1, max-image-preview:large, max-video-preview:-1\" \/>\n<link rel=\"canonical\" href=\"https:\/\/www.monalisahomes.es\/es\/servicios\/asistencia-legal\/\" \/>\n<meta property=\"og:locale\" content=\"es_ES\" \/>\n<meta property=\"og:type\" content=\"article\" \/>\n<meta property=\"og:title\" content=\"Asistencia Legal - Monalisa Homes\" \/>\n<meta property=\"og:description\" content=\"[vc_row][vc_column][vc_custom_heading text=\u00bbAsistencia Legal\u00bb font_container=\u00bbtag:h1|text_align:center\u00bb use_theme_fonts=\u00bbyes\u00bb][\/vc_column][\/vc_row][vc_row][vc_column width=\u00bb1\/2&#8243;][vc_column_text] Procedimiento de compra Comprar una propiedad es una de las decisiones m\u00e1s dif\u00edciles, pero en Espa\u00f1a el proceso no difiere mucho de comprar una propiedad en su pa\u00eds de origen. A continuaci\u00f3n detallamos la log\u00edsta, la ordenaci\u00f3n del proceso [&hellip;]\" \/>\n<meta property=\"og:url\" content=\"https:\/\/www.monalisahomes.es\/es\/servicios\/asistencia-legal\/\" \/>\n<meta property=\"og:site_name\" content=\"Monalisa Homes\" \/>\n<meta name=\"twitter:card\" content=\"summary_large_image\" \/>\n<meta name=\"twitter:label1\" content=\"Tiempo de lectura\" \/>\n\t<meta name=\"twitter:data1\" content=\"2 minutos\" \/>\n<!-- \/ Yoast SEO plugin. -->","yoast_head_json":{"title":"Asistencia Legal - Monalisa Homes","robots":{"index":"index","follow":"follow","max-snippet":"max-snippet:-1","max-image-preview":"max-image-preview:large","max-video-preview":"max-video-preview:-1"},"canonical":"https:\/\/www.monalisahomes.es\/es\/servicios\/asistencia-legal\/","og_locale":"es_ES","og_type":"article","og_title":"Asistencia Legal - Monalisa Homes","og_description":"[vc_row][vc_column][vc_custom_heading text=\u00bbAsistencia Legal\u00bb font_container=\u00bbtag:h1|text_align:center\u00bb use_theme_fonts=\u00bbyes\u00bb][\/vc_column][\/vc_row][vc_row][vc_column width=\u00bb1\/2&#8243;][vc_column_text] Procedimiento de compra Comprar una propiedad es una de las decisiones m\u00e1s dif\u00edciles, pero en Espa\u00f1a el proceso no difiere mucho de comprar una propiedad en su pa\u00eds de origen. A continuaci\u00f3n detallamos la log\u00edsta, la ordenaci\u00f3n del proceso [&hellip;]","og_url":"https:\/\/www.monalisahomes.es\/es\/servicios\/asistencia-legal\/","og_site_name":"Monalisa Homes","twitter_card":"summary_large_image","twitter_misc":{"Tiempo de lectura":"2 minutos"},"schema":{"@context":"https:\/\/schema.org","@graph":[{"@type":"WebPage","@id":"https:\/\/www.monalisahomes.es\/es\/servicios\/asistencia-legal\/","url":"https:\/\/www.monalisahomes.es\/es\/servicios\/asistencia-legal\/","name":"Asistencia Legal - Monalisa Homes","isPartOf":{"@id":"https:\/\/www.monalisahomes.es\/#website"},"datePublished":"2022-02-18T18:14:53+00:00","breadcrumb":{"@id":"https:\/\/www.monalisahomes.es\/es\/servicios\/asistencia-legal\/#breadcrumb"},"inLanguage":"es","potentialAction":[{"@type":"ReadAction","target":["https:\/\/www.monalisahomes.es\/es\/servicios\/asistencia-legal\/"]}]},{"@type":"BreadcrumbList","@id":"https:\/\/www.monalisahomes.es\/es\/servicios\/asistencia-legal\/#breadcrumb","itemListElement":[{"@type":"ListItem","position":1,"name":"Home","item":"https:\/\/www.monalisahomes.es\/es\/"},{"@type":"ListItem","position":2,"name":"Inicio","item":"https:\/\/www.monalisahomes.es\/es\/"},{"@type":"ListItem","position":3,"name":"Asistencia Legal"}]},{"@type":"WebSite","@id":"https:\/\/www.monalisahomes.es\/#website","url":"https:\/\/www.monalisahomes.es\/","name":"Monalisa Homes","description":"Real Estate in Costa del Sol","publisher":{"@id":"https:\/\/www.monalisahomes.es\/#organization"},"potentialAction":[{"@type":"SearchAction","target":{"@type":"EntryPoint","urlTemplate":"https:\/\/www.monalisahomes.es\/?s={search_term_string}"},"query-input":{"@type":"PropertyValueSpecification","valueRequired":true,"valueName":"search_term_string"}}],"inLanguage":"es"},{"@type":"Organization","@id":"https:\/\/www.monalisahomes.es\/#organization","name":"Monalisa Homes","url":"https:\/\/www.monalisahomes.es\/","logo":{"@type":"ImageObject","inLanguage":"es","@id":"https:\/\/www.monalisahomes.es\/#\/schema\/logo\/image\/","url":"https:\/\/www.monalisahomes.es\/wp-content\/uploads\/monalisa-logo-new2x.png","contentUrl":"https:\/\/www.monalisahomes.es\/wp-content\/uploads\/monalisa-logo-new2x.png","width":348,"height":299,"caption":"Monalisa Homes"},"image":{"@id":"https:\/\/www.monalisahomes.es\/#\/schema\/logo\/image\/"}}]}},"_links":{"self":[{"href":"https:\/\/www.monalisahomes.es\/es\/wp-json\/wp\/v2\/pages\/1488","targetHints":{"allow":["GET"]}}],"collection":[{"href":"https:\/\/www.monalisahomes.es\/es\/wp-json\/wp\/v2\/pages"}],"about":[{"href":"https:\/\/www.monalisahomes.es\/es\/wp-json\/wp\/v2\/types\/page"}],"author":[{"embeddable":true,"href":"https:\/\/www.monalisahomes.es\/es\/wp-json\/wp\/v2\/users\/1"}],"replies":[{"embeddable":true,"href":"https:\/\/www.monalisahomes.es\/es\/wp-json\/wp\/v2\/comments?post=1488"}],"version-history":[{"count":0,"href":"https:\/\/www.monalisahomes.es\/es\/wp-json\/wp\/v2\/pages\/1488\/revisions"}],"up":[{"embeddable":true,"href":"https:\/\/www.monalisahomes.es\/es\/wp-json\/wp\/v2\/pages\/723"}],"wp:attachment":[{"href":"https:\/\/www.monalisahomes.es\/es\/wp-json\/wp\/v2\/media?parent=1488"}],"curies":[{"name":"wp","href":"https:\/\/api.w.org\/{rel}","templated":true}]}}