{"id":1492,"date":"2022-02-18T18:20:00","date_gmt":"2022-02-18T18:20:00","guid":{"rendered":"https:\/\/www.monalisahomes.es\/?page_id=1492"},"modified":"2022-02-18T19:16:30","modified_gmt":"2022-02-18T19:16:30","slug":"asesoramiento-inmobiliario","status":"publish","type":"page","link":"https:\/\/www.monalisahomes.es\/es\/servicios\/asesoramiento-inmobiliario\/","title":{"rendered":"Asesoramiento Inmobiliario"},"content":{"rendered":"<p>[vc_row][vc_column][vc_custom_heading text=\u00bbAsesoramiento inmobiliario\u00bb font_container=\u00bbtag:h1|text_align:center\u00bb use_theme_fonts=\u00bbyes\u00bb][\/vc_column][\/vc_row][vc_row][vc_column width=\u00bb1\/2&#8243;][vc_column_text]<\/p>\n<h2><strong>Invertir en una propiedad<\/strong><\/h2>\n<p>Sea para comprar una casa para vivir o invertir en una vivienda requiere un conocimiento y an\u00e1lisis profundo del sector inmobiliario por lo que un asesoramiento adecuado es de vital importancia.[\/vc_column_text][vc_single_image image=\u00bb703&#8243; img_size=\u00bb680&#215;340&#8243;][vc_column_text]La importancia de recibir un buen asesoramiento inmobiliario en la inversi\u00f3n de\u00a0 una propiedad, sea para uso propio o como inversi\u00f3n, es vital, ya que ser\u00e1 una de las decisiones m\u00e1s importantes para asegurarse de que la inversi\u00f3n generar\u00e1 unos ingresos y haga que la propiedad se revalorice y el dinero crezca.[\/vc_column_text][\/vc_column][vc_column width=\u00bb1\/2&#8243;][vc_column_text]<\/p>\n<h2><strong>Comprar con asesor\u00eda profesional<\/strong><\/h2>\n<p>Comprar una casa requiere de mucho conocimiento inmobiliario, hay que analizar la zona y \u00e1rea de localizaci\u00f3n de la propiedad, revisar los aspectos legales, gestionar las hipotecas, gestionar tr\u00e1mites, etc.[\/vc_column_text][vc_single_image image=\u00bb705&#8243; img_size=\u00bb680&#215;340&#8243;][vc_column_text]Es importante contactar con una asesor\u00eda experta que pueda agilizar y facilitar todos estos tr\u00e1mites. Las ventajas en disponer de nuestros servicios inmobiliarios es que evitaremos los fraudes, agilizaremos los tr\u00e1mites, comprobaremos que los contratos est\u00e9n bien elaborados, buscaremos la casa id\u00f3nea, sea como vivienda propia o como inversi\u00f3n y ofrecemos la certeza de que adquiera una propiedad en buen estado.[\/vc_column_text][\/vc_column][\/vc_row]<\/p>\n","protected":false},"excerpt":{"rendered":"<p>[vc_row][vc_column][vc_custom_heading text=\u00bbAsesoramiento inmobiliario\u00bb font_container=\u00bbtag:h1|text_align:center\u00bb use_theme_fonts=\u00bbyes\u00bb][\/vc_column][\/vc_row][vc_row][vc_column width=\u00bb1\/2&#8243;][vc_column_text] Invertir en una propiedad Sea para comprar una casa para vivir o invertir en una vivienda requiere un conocimiento y an\u00e1lisis profundo del sector inmobiliario por lo que un asesoramiento adecuado es de vital importancia.[\/vc_column_text][vc_single_image image=\u00bb703&#8243; img_size=\u00bb680&#215;340&#8243;][vc_column_text]La importancia de [&hellip;]<\/p>\n","protected":false},"author":1,"featured_media":0,"parent":723,"menu_order":2,"comment_status":"closed","ping_status":"closed","template":"","meta":{"footnotes":""},"class_list":["post-1492","page","type-page","status-publish","hentry"],"yoast_head":"<!-- This site is optimized with the Yoast SEO plugin v24.8 - https:\/\/yoast.com\/wordpress\/plugins\/seo\/ -->\n<title>Asesoramiento Inmobiliario - Monalisa Homes<\/title>\n<meta name=\"robots\" content=\"index, follow, max-snippet:-1, max-image-preview:large, max-video-preview:-1\" \/>\n<link rel=\"canonical\" href=\"https:\/\/www.monalisahomes.es\/es\/servicios\/asesoramiento-inmobiliario\/\" \/>\n<meta property=\"og:locale\" content=\"es_ES\" \/>\n<meta property=\"og:type\" content=\"article\" \/>\n<meta property=\"og:title\" content=\"Asesoramiento Inmobiliario - Monalisa Homes\" \/>\n<meta property=\"og:description\" content=\"[vc_row][vc_column][vc_custom_heading text=\u00bbAsesoramiento inmobiliario\u00bb font_container=\u00bbtag:h1|text_align:center\u00bb use_theme_fonts=\u00bbyes\u00bb][\/vc_column][\/vc_row][vc_row][vc_column width=\u00bb1\/2&#8243;][vc_column_text] Invertir en una propiedad Sea para comprar una casa para vivir o invertir en una vivienda requiere un conocimiento y an\u00e1lisis profundo del sector inmobiliario por lo que un asesoramiento adecuado es de vital importancia.[\/vc_column_text][vc_single_image image=\u00bb703&#8243; img_size=\u00bb680&#215;340&#8243;][vc_column_text]La importancia de [&hellip;]\" \/>\n<meta property=\"og:url\" content=\"https:\/\/www.monalisahomes.es\/es\/servicios\/asesoramiento-inmobiliario\/\" \/>\n<meta property=\"og:site_name\" content=\"Monalisa Homes\" \/>\n<meta property=\"article:modified_time\" content=\"2022-02-18T19:16:30+00:00\" \/>\n<meta name=\"twitter:card\" content=\"summary_large_image\" \/>\n<meta name=\"twitter:label1\" content=\"Tiempo de lectura\" \/>\n\t<meta name=\"twitter:data1\" content=\"1 minuto\" \/>\n<!-- \/ Yoast SEO plugin. -->","yoast_head_json":{"title":"Asesoramiento Inmobiliario - Monalisa Homes","robots":{"index":"index","follow":"follow","max-snippet":"max-snippet:-1","max-image-preview":"max-image-preview:large","max-video-preview":"max-video-preview:-1"},"canonical":"https:\/\/www.monalisahomes.es\/es\/servicios\/asesoramiento-inmobiliario\/","og_locale":"es_ES","og_type":"article","og_title":"Asesoramiento Inmobiliario - Monalisa Homes","og_description":"[vc_row][vc_column][vc_custom_heading text=\u00bbAsesoramiento inmobiliario\u00bb font_container=\u00bbtag:h1|text_align:center\u00bb use_theme_fonts=\u00bbyes\u00bb][\/vc_column][\/vc_row][vc_row][vc_column width=\u00bb1\/2&#8243;][vc_column_text] Invertir en una propiedad Sea para comprar una casa para vivir o invertir en una vivienda requiere un conocimiento y an\u00e1lisis profundo del sector inmobiliario por lo que un asesoramiento adecuado es de vital importancia.[\/vc_column_text][vc_single_image image=\u00bb703&#8243; img_size=\u00bb680&#215;340&#8243;][vc_column_text]La importancia de [&hellip;]","og_url":"https:\/\/www.monalisahomes.es\/es\/servicios\/asesoramiento-inmobiliario\/","og_site_name":"Monalisa Homes","article_modified_time":"2022-02-18T19:16:30+00:00","twitter_card":"summary_large_image","twitter_misc":{"Tiempo de lectura":"1 minuto"},"schema":{"@context":"https:\/\/schema.org","@graph":[{"@type":"WebPage","@id":"https:\/\/www.monalisahomes.es\/es\/servicios\/asesoramiento-inmobiliario\/","url":"https:\/\/www.monalisahomes.es\/es\/servicios\/asesoramiento-inmobiliario\/","name":"Asesoramiento Inmobiliario - Monalisa Homes","isPartOf":{"@id":"https:\/\/www.monalisahomes.es\/#website"},"datePublished":"2022-02-18T18:20:00+00:00","dateModified":"2022-02-18T19:16:30+00:00","breadcrumb":{"@id":"https:\/\/www.monalisahomes.es\/es\/servicios\/asesoramiento-inmobiliario\/#breadcrumb"},"inLanguage":"es","potentialAction":[{"@type":"ReadAction","target":["https:\/\/www.monalisahomes.es\/es\/servicios\/asesoramiento-inmobiliario\/"]}]},{"@type":"BreadcrumbList","@id":"https:\/\/www.monalisahomes.es\/es\/servicios\/asesoramiento-inmobiliario\/#breadcrumb","itemListElement":[{"@type":"ListItem","position":1,"name":"Home","item":"https:\/\/www.monalisahomes.es\/es\/"},{"@type":"ListItem","position":2,"name":"Inicio","item":"https:\/\/www.monalisahomes.es\/es\/"},{"@type":"ListItem","position":3,"name":"Asesoramiento Inmobiliario"}]},{"@type":"WebSite","@id":"https:\/\/www.monalisahomes.es\/#website","url":"https:\/\/www.monalisahomes.es\/","name":"Monalisa Homes","description":"Real Estate in Costa del Sol","publisher":{"@id":"https:\/\/www.monalisahomes.es\/#organization"},"potentialAction":[{"@type":"SearchAction","target":{"@type":"EntryPoint","urlTemplate":"https:\/\/www.monalisahomes.es\/?s={search_term_string}"},"query-input":{"@type":"PropertyValueSpecification","valueRequired":true,"valueName":"search_term_string"}}],"inLanguage":"es"},{"@type":"Organization","@id":"https:\/\/www.monalisahomes.es\/#organization","name":"Monalisa Homes","url":"https:\/\/www.monalisahomes.es\/","logo":{"@type":"ImageObject","inLanguage":"es","@id":"https:\/\/www.monalisahomes.es\/#\/schema\/logo\/image\/","url":"https:\/\/www.monalisahomes.es\/wp-content\/uploads\/monalisa-logo-new2x.png","contentUrl":"https:\/\/www.monalisahomes.es\/wp-content\/uploads\/monalisa-logo-new2x.png","width":348,"height":299,"caption":"Monalisa Homes"},"image":{"@id":"https:\/\/www.monalisahomes.es\/#\/schema\/logo\/image\/"}}]}},"_links":{"self":[{"href":"https:\/\/www.monalisahomes.es\/es\/wp-json\/wp\/v2\/pages\/1492","targetHints":{"allow":["GET"]}}],"collection":[{"href":"https:\/\/www.monalisahomes.es\/es\/wp-json\/wp\/v2\/pages"}],"about":[{"href":"https:\/\/www.monalisahomes.es\/es\/wp-json\/wp\/v2\/types\/page"}],"author":[{"embeddable":true,"href":"https:\/\/www.monalisahomes.es\/es\/wp-json\/wp\/v2\/users\/1"}],"replies":[{"embeddable":true,"href":"https:\/\/www.monalisahomes.es\/es\/wp-json\/wp\/v2\/comments?post=1492"}],"version-history":[{"count":0,"href":"https:\/\/www.monalisahomes.es\/es\/wp-json\/wp\/v2\/pages\/1492\/revisions"}],"up":[{"embeddable":true,"href":"https:\/\/www.monalisahomes.es\/es\/wp-json\/wp\/v2\/pages\/723"}],"wp:attachment":[{"href":"https:\/\/www.monalisahomes.es\/es\/wp-json\/wp\/v2\/media?parent=1492"}],"curies":[{"name":"wp","href":"https:\/\/api.w.org\/{rel}","templated":true}]}}