{"id":1497,"date":"2022-02-18T18:50:32","date_gmt":"2022-02-18T18:50:32","guid":{"rendered":"https:\/\/www.monalisahomes.es\/?page_id=1497"},"modified":"2022-02-18T18:52:09","modified_gmt":"2022-02-18T18:52:09","slug":"mantenimiento","status":"publish","type":"page","link":"https:\/\/www.monalisahomes.es\/es\/servicios\/mantenimiento\/","title":{"rendered":"Mantenimiento"},"content":{"rendered":"<p>[vc_row][vc_column][vc_custom_heading text=\u00bbMantenimiento\u00bb font_container=\u00bbtag:h1|text_align:center\u00bb use_theme_fonts=\u00bbyes\u00bb][\/vc_column][\/vc_row][vc_row][vc_column width=\u00bb1\/2&#8243;][vc_column_text]<\/p>\n<h2><strong>Servicios de mantenimiento<\/strong><\/h2>\n<p>Nuestra misi\u00f3n es ofrecerles un servicio integral que adaptamos de manera personalizada, proporcion\u00e1ndoles informaci\u00f3n actualizada y constante de su vivienda.<\/p>\n<p>Nos ocupamos de la asistencia t\u00e9cnica, jardiner\u00eda, limpieza, reparaciones, etc.[\/vc_column_text][vc_single_image image=\u00bb684&#8243; img_size=\u00bb680&#215;340&#8243;][vc_column_text]Estamos disponibles 24 horas a la semana para cualquier incidencia y\/o emergencia.[\/vc_column_text][\/vc_column][vc_column width=\u00bb1\/2&#8243;][vc_column_text]<\/p>\n<h2><strong>Reparaciones<\/strong><\/h2>\n<p>En caso de que su propiedad sufra alg\u00fan accidente, ponemos a su disposici\u00f3n todo un equipo de profesionales.<\/p>\n<p>Desde electricistas, fontaneros, carpinteros para reparar su vivienda y que quede libre de incidencias.[\/vc_column_text][vc_single_image image=\u00bb686&#8243; img_size=\u00bb680&#215;340&#8243;][vc_column_text]Trabajamos de forma r\u00e1pida y segura y,en caso necesario, gestionamos y coordinamos las relaciones con las aseguradoras.[\/vc_column_text][\/vc_column][\/vc_row][vc_row][vc_column width=\u00bb1\/3&#8243;][vc_single_image image=\u00bb678&#8243; img_size=\u00bb443&#215;250&#8243;][vc_column_text]<\/p>\n<h3><strong>Jardiner\u00eda<\/strong><\/h3>\n<p>Ofrecemos servicios de jardiner\u00eda completos que se encargar\u00e1n de cuidar, regar, podar y cuidar su jard\u00edn. Se encargar\u00e1n del sistema de riego, mantenimiento, control de plagas, plantaci\u00f3n de flores y plantas de temporada, etc.<\/p>\n<p>Todo lo que necesite para disponer de un precioso jard\u00edn que disfrutar.[\/vc_column_text][\/vc_column][vc_column width=\u00bb1\/3&#8243;][vc_single_image image=\u00bb680&#8243; img_size=\u00bb443&#215;250&#8243;][vc_column_text]<\/p>\n<h3><strong>Asistencia t\u00e9cnica<\/strong><\/h3>\n<p>En caso de que su vivienda se encuentre vac\u00eda realizaremos visitas peri\u00f3dicas para comprobar su estado de conservaci\u00f3n y de que todo funciona y no haya ning\u00fan incidente en la propiedad.<\/p>\n<p>En caso de incidencias, nos encargaremos de hacer las reclamaciones a las compa\u00f1\u00edas de seguros u otras entidades relacionadas..[\/vc_column_text][\/vc_column][vc_column width=\u00bb1\/3&#8243;][vc_single_image image=\u00bb682&#8243; img_size=\u00bb443&#215;250&#8243;][vc_column_text]<\/p>\n<h3><strong>Mantenimiento y limpieza<\/strong><\/h3>\n<p>Ponemos a su disposici\u00f3n nuestros profesionales de mantenimiento para evitar el desgaste que sufre la vivienda con el paso del tiempo.<\/p>\n<p>Ofrecemos servicios de limpieza de la vivienda, tanto de interiores como de exteriores, limpieza de jardines, pintura de fachadas, limpieza de canales de drenaje, etc.[\/vc_column_text][\/vc_column][\/vc_row]<\/p>\n","protected":false},"excerpt":{"rendered":"<p>[vc_row][vc_column][vc_custom_heading text=\u00bbMantenimiento\u00bb font_container=\u00bbtag:h1|text_align:center\u00bb use_theme_fonts=\u00bbyes\u00bb][\/vc_column][\/vc_row][vc_row][vc_column width=\u00bb1\/2&#8243;][vc_column_text] Servicios de mantenimiento Nuestra misi\u00f3n es ofrecerles un servicio integral que adaptamos de manera personalizada, proporcion\u00e1ndoles informaci\u00f3n actualizada y constante de su vivienda. Nos ocupamos de la asistencia t\u00e9cnica, jardiner\u00eda, limpieza, reparaciones, etc.[\/vc_column_text][vc_single_image image=\u00bb684&#8243; img_size=\u00bb680&#215;340&#8243;][vc_column_text]Estamos disponibles 24 horas a la [&hellip;]<\/p>\n","protected":false},"author":1,"featured_media":0,"parent":723,"menu_order":3,"comment_status":"closed","ping_status":"closed","template":"","meta":{"footnotes":""},"class_list":["post-1497","page","type-page","status-publish","hentry"],"yoast_head":"<!-- This site is optimized with the Yoast SEO plugin v24.8 - https:\/\/yoast.com\/wordpress\/plugins\/seo\/ -->\n<title>Mantenimiento - Monalisa Homes<\/title>\n<meta name=\"robots\" content=\"index, follow, max-snippet:-1, max-image-preview:large, max-video-preview:-1\" \/>\n<link rel=\"canonical\" href=\"https:\/\/www.monalisahomes.es\/es\/servicios\/mantenimiento\/\" \/>\n<meta property=\"og:locale\" content=\"es_ES\" \/>\n<meta property=\"og:type\" content=\"article\" \/>\n<meta property=\"og:title\" content=\"Mantenimiento - Monalisa Homes\" \/>\n<meta property=\"og:description\" content=\"[vc_row][vc_column][vc_custom_heading text=\u00bbMantenimiento\u00bb font_container=\u00bbtag:h1|text_align:center\u00bb use_theme_fonts=\u00bbyes\u00bb][\/vc_column][\/vc_row][vc_row][vc_column width=\u00bb1\/2&#8243;][vc_column_text] Servicios de mantenimiento Nuestra misi\u00f3n es ofrecerles un servicio integral que adaptamos de manera personalizada, proporcion\u00e1ndoles informaci\u00f3n actualizada y constante de su vivienda. Nos ocupamos de la asistencia t\u00e9cnica, jardiner\u00eda, limpieza, reparaciones, etc.[\/vc_column_text][vc_single_image image=\u00bb684&#8243; img_size=\u00bb680&#215;340&#8243;][vc_column_text]Estamos disponibles 24 horas a la [&hellip;]\" \/>\n<meta property=\"og:url\" content=\"https:\/\/www.monalisahomes.es\/es\/servicios\/mantenimiento\/\" \/>\n<meta property=\"og:site_name\" content=\"Monalisa Homes\" \/>\n<meta property=\"article:modified_time\" content=\"2022-02-18T18:52:09+00:00\" \/>\n<meta name=\"twitter:card\" content=\"summary_large_image\" \/>\n<meta name=\"twitter:label1\" content=\"Tiempo de lectura\" \/>\n\t<meta name=\"twitter:data1\" content=\"2 minutos\" \/>\n<!-- \/ Yoast SEO plugin. -->","yoast_head_json":{"title":"Mantenimiento - Monalisa Homes","robots":{"index":"index","follow":"follow","max-snippet":"max-snippet:-1","max-image-preview":"max-image-preview:large","max-video-preview":"max-video-preview:-1"},"canonical":"https:\/\/www.monalisahomes.es\/es\/servicios\/mantenimiento\/","og_locale":"es_ES","og_type":"article","og_title":"Mantenimiento - Monalisa Homes","og_description":"[vc_row][vc_column][vc_custom_heading text=\u00bbMantenimiento\u00bb font_container=\u00bbtag:h1|text_align:center\u00bb use_theme_fonts=\u00bbyes\u00bb][\/vc_column][\/vc_row][vc_row][vc_column width=\u00bb1\/2&#8243;][vc_column_text] Servicios de mantenimiento Nuestra misi\u00f3n es ofrecerles un servicio integral que adaptamos de manera personalizada, proporcion\u00e1ndoles informaci\u00f3n actualizada y constante de su vivienda. Nos ocupamos de la asistencia t\u00e9cnica, jardiner\u00eda, limpieza, reparaciones, etc.[\/vc_column_text][vc_single_image image=\u00bb684&#8243; img_size=\u00bb680&#215;340&#8243;][vc_column_text]Estamos disponibles 24 horas a la [&hellip;]","og_url":"https:\/\/www.monalisahomes.es\/es\/servicios\/mantenimiento\/","og_site_name":"Monalisa Homes","article_modified_time":"2022-02-18T18:52:09+00:00","twitter_card":"summary_large_image","twitter_misc":{"Tiempo de lectura":"2 minutos"},"schema":{"@context":"https:\/\/schema.org","@graph":[{"@type":"WebPage","@id":"https:\/\/www.monalisahomes.es\/es\/servicios\/mantenimiento\/","url":"https:\/\/www.monalisahomes.es\/es\/servicios\/mantenimiento\/","name":"Mantenimiento - Monalisa Homes","isPartOf":{"@id":"https:\/\/www.monalisahomes.es\/#website"},"datePublished":"2022-02-18T18:50:32+00:00","dateModified":"2022-02-18T18:52:09+00:00","breadcrumb":{"@id":"https:\/\/www.monalisahomes.es\/es\/servicios\/mantenimiento\/#breadcrumb"},"inLanguage":"es","potentialAction":[{"@type":"ReadAction","target":["https:\/\/www.monalisahomes.es\/es\/servicios\/mantenimiento\/"]}]},{"@type":"BreadcrumbList","@id":"https:\/\/www.monalisahomes.es\/es\/servicios\/mantenimiento\/#breadcrumb","itemListElement":[{"@type":"ListItem","position":1,"name":"Home","item":"https:\/\/www.monalisahomes.es\/es\/"},{"@type":"ListItem","position":2,"name":"Inicio","item":"https:\/\/www.monalisahomes.es\/es\/"},{"@type":"ListItem","position":3,"name":"Mantenimiento"}]},{"@type":"WebSite","@id":"https:\/\/www.monalisahomes.es\/#website","url":"https:\/\/www.monalisahomes.es\/","name":"Monalisa Homes","description":"Real Estate in Costa del Sol","publisher":{"@id":"https:\/\/www.monalisahomes.es\/#organization"},"potentialAction":[{"@type":"SearchAction","target":{"@type":"EntryPoint","urlTemplate":"https:\/\/www.monalisahomes.es\/?s={search_term_string}"},"query-input":{"@type":"PropertyValueSpecification","valueRequired":true,"valueName":"search_term_string"}}],"inLanguage":"es"},{"@type":"Organization","@id":"https:\/\/www.monalisahomes.es\/#organization","name":"Monalisa Homes","url":"https:\/\/www.monalisahomes.es\/","logo":{"@type":"ImageObject","inLanguage":"es","@id":"https:\/\/www.monalisahomes.es\/#\/schema\/logo\/image\/","url":"https:\/\/www.monalisahomes.es\/wp-content\/uploads\/monalisa-logo-new2x.png","contentUrl":"https:\/\/www.monalisahomes.es\/wp-content\/uploads\/monalisa-logo-new2x.png","width":348,"height":299,"caption":"Monalisa Homes"},"image":{"@id":"https:\/\/www.monalisahomes.es\/#\/schema\/logo\/image\/"}}]}},"_links":{"self":[{"href":"https:\/\/www.monalisahomes.es\/es\/wp-json\/wp\/v2\/pages\/1497","targetHints":{"allow":["GET"]}}],"collection":[{"href":"https:\/\/www.monalisahomes.es\/es\/wp-json\/wp\/v2\/pages"}],"about":[{"href":"https:\/\/www.monalisahomes.es\/es\/wp-json\/wp\/v2\/types\/page"}],"author":[{"embeddable":true,"href":"https:\/\/www.monalisahomes.es\/es\/wp-json\/wp\/v2\/users\/1"}],"replies":[{"embeddable":true,"href":"https:\/\/www.monalisahomes.es\/es\/wp-json\/wp\/v2\/comments?post=1497"}],"version-history":[{"count":0,"href":"https:\/\/www.monalisahomes.es\/es\/wp-json\/wp\/v2\/pages\/1497\/revisions"}],"up":[{"embeddable":true,"href":"https:\/\/www.monalisahomes.es\/es\/wp-json\/wp\/v2\/pages\/723"}],"wp:attachment":[{"href":"https:\/\/www.monalisahomes.es\/es\/wp-json\/wp\/v2\/media?parent=1497"}],"curies":[{"name":"wp","href":"https:\/\/api.w.org\/{rel}","templated":true}]}}