{"id":1501,"date":"2022-02-18T18:56:32","date_gmt":"2022-02-18T18:56:32","guid":{"rendered":"https:\/\/www.monalisahomes.es\/?page_id=1501"},"modified":"2022-02-18T19:26:22","modified_gmt":"2022-02-18T19:26:22","slug":"reformas-y-servicios-post-venta","status":"publish","type":"page","link":"https:\/\/www.monalisahomes.es\/es\/servicios\/reformas-y-servicios-post-venta\/","title":{"rendered":"Reformas y Servicios Post-Venta"},"content":{"rendered":"<p>[vc_row][vc_column][vc_custom_heading text=\u00bbReformas y Servicios Post-Venta\u00bb font_container=\u00bbtag:h1|text_align:center\u00bb use_theme_fonts=\u00bbyes\u00bb][\/vc_column][\/vc_row][vc_row][vc_column width=\u00bb1\/2&#8243;][vc_column_text]<\/p>\n<h2><strong>Reformas<\/strong><\/h2>\n<p>[\/vc_column_text][vc_column_text]Tanto si desea hacer peque\u00f1as reformas en su casa o proyectos m\u00e1s profesionales en <strong>Monalisa Homes<\/strong> nos adaptamos a nuestros clientes. Le asesoraremos para que saque el m\u00e1ximo provecho al espacio del que dispone. Entre nuestros servicios de reformas integrales destacan son los siguientes:[\/vc_column_text][vc_single_image image=\u00bb1438&#8243; img_size=\u00bb680&#215;340&#8243;][vc_column_text]<\/p>\n<h3><strong>Asesoramiento profesional<\/strong><\/h3>\n<p>Desde reformas de inmuebles, casas, cocinas, y fachadas de edificio hasta reformas de locales comerciales, urbanizaciones y demoliciones sean grandes o peque\u00f1as, disponemos del mejor equipo de profesionales arquitectos, t\u00e9cnicos y constructores que le asesorar\u00e1n en cada momento.<\/p>\n<h3><strong>Proyectos personalizados<\/strong><\/h3>\n<p>Cada proyecto es \u00fanico, y dispone de un ambiente exclusivo y personal. Nos encargamos de realizar las mediciones oportunas, elaborar un plan de trabajo, y desarrollar el proyecto, desde la reforma, instalaci\u00f3n de fontaner\u00eda, electricidad y revisamos hasta el \u00faltimo detalle.[\/vc_column_text][vc_single_image image=\u00bb1454&#8243; img_size=\u00bb680&#215;340&#8243;][vc_column_text]<\/p>\n<h3><strong>Precios a medida<\/strong><\/h3>\n<p>Realizamos presupuestos sin compromiso para cualquier tipo de reforma y nos adaptaremos a sus necesidades, ofreciendo una variedad de diferentes tipos de materiales.<\/p>\n<h3><strong>Garant\u00eda Post-Venta<\/strong><\/h3>\n<p>Tanto la reforma como sus instalaciones y los art\u00edculos disponen de una garant\u00eda. Para m\u00e1s informaci\u00f3n consultar.[\/vc_column_text][\/vc_column][vc_column width=\u00bb1\/2&#8243;][vc_column_text]<\/p>\n<h2><strong>Servicios Post-venta<\/strong><\/h2>\n<p>[\/vc_column_text][vc_column_text]En <strong>Monalisa Homes<\/strong> nos preocupamos que una vez adquirida la propiedad existan diferentes necesidades que hay que solucionar para poder disfrutar plenamente del nuevo hogar. Nos ponemos a su disposici\u00f3n para cualquier tipo de ayuda que necesite.[\/vc_column_text][vc_single_image image=\u00bb1433&#8243; img_size=\u00bb680&#215;340&#8243;][vc_column_text]<\/p>\n<h3><strong>Decoraci\u00f3n e interiorismo<\/strong><\/h3>\n<p>Muchos de nuestros clientes solicitan nuestros servicios ya que despu\u00e9s de tantos a\u00f1os en el sector hemos desarrollado y conocemos a los mejores profesionales de la decoraci\u00f3n, iluminaci\u00f3n, paisajistas, tenemos las mejores referencias de tiendas de muebles, empresas que se dedican a la instalaci\u00f3n de casas inteligentes, sistemas audiovisuales, etc.<\/p>\n<h3><strong>Mudanzas<\/strong><\/h3>\n<p>Seleccionamos de entre las mejores empresas de mudanzas, sean mudanzas a nivel nacional o internacional, podemos gestionar todo el proceso con la m\u00e1xima confianza para que todos los bienes lleguen intactos a la nueva casa.[\/vc_column_text][vc_single_image image=\u00bb1450&#8243; img_size=\u00bb680&#215;340&#8243;][vc_column_text]<\/p>\n<h3><strong>Colegios, cl\u00ednica, clubs sociales y deportivos<\/strong><\/h3>\n<p>Podemos asesorarle sobre las necesidades b\u00e1sicas dependiendo en la zona en la que tenga su vivienda. Desde colegios p\u00fablicos y privados a hospitales y cl\u00ednicas especializadas, clubs sociales, instalaciones deportivas, etc. Todo lo que necesita para sentirse arropado y acompa\u00f1ado.<\/p>\n<h3><strong>Asesores fiscales, contables y otros temas legales<\/strong><\/h3>\n<p>Disponemos de una amplia gama de profesionales que pueden ayudarles en la planificaci\u00f3n de activos, temas patrimoniales, herencias, jubilaci\u00f3n, asesor\u00edas laborales, etc.[\/vc_column_text][\/vc_column][\/vc_row]<\/p>\n","protected":false},"excerpt":{"rendered":"<p>[vc_row][vc_column][vc_custom_heading text=\u00bbReformas y Servicios Post-Venta\u00bb font_container=\u00bbtag:h1|text_align:center\u00bb use_theme_fonts=\u00bbyes\u00bb][\/vc_column][\/vc_row][vc_row][vc_column width=\u00bb1\/2&#8243;][vc_column_text] Reformas [\/vc_column_text][vc_column_text]Tanto si desea hacer peque\u00f1as reformas en su casa o proyectos m\u00e1s profesionales en Monalisa Homes nos adaptamos a nuestros clientes. Le asesoraremos para que saque el m\u00e1ximo provecho al espacio del que dispone. Entre nuestros [&hellip;]<\/p>\n","protected":false},"author":1,"featured_media":0,"parent":723,"menu_order":4,"comment_status":"closed","ping_status":"closed","template":"","meta":{"footnotes":""},"class_list":["post-1501","page","type-page","status-publish","hentry"],"yoast_head":"<!-- This site is optimized with the Yoast SEO plugin v24.8 - https:\/\/yoast.com\/wordpress\/plugins\/seo\/ -->\n<title>Reformas y Servicios Post-Venta - Monalisa Homes<\/title>\n<meta name=\"robots\" content=\"index, follow, max-snippet:-1, max-image-preview:large, max-video-preview:-1\" \/>\n<link rel=\"canonical\" href=\"https:\/\/www.monalisahomes.es\/es\/servicios\/reformas-y-servicios-post-venta\/\" \/>\n<meta property=\"og:locale\" content=\"es_ES\" \/>\n<meta property=\"og:type\" content=\"article\" \/>\n<meta property=\"og:title\" content=\"Reformas y Servicios Post-Venta - Monalisa Homes\" \/>\n<meta property=\"og:description\" content=\"[vc_row][vc_column][vc_custom_heading text=\u00bbReformas y Servicios Post-Venta\u00bb font_container=\u00bbtag:h1|text_align:center\u00bb use_theme_fonts=\u00bbyes\u00bb][\/vc_column][\/vc_row][vc_row][vc_column width=\u00bb1\/2&#8243;][vc_column_text] Reformas [\/vc_column_text][vc_column_text]Tanto si desea hacer peque\u00f1as reformas en su casa o proyectos m\u00e1s profesionales en Monalisa Homes nos adaptamos a nuestros clientes. Le asesoraremos para que saque el m\u00e1ximo provecho al espacio del que dispone. Entre nuestros [&hellip;]\" \/>\n<meta property=\"og:url\" content=\"https:\/\/www.monalisahomes.es\/es\/servicios\/reformas-y-servicios-post-venta\/\" \/>\n<meta property=\"og:site_name\" content=\"Monalisa Homes\" \/>\n<meta property=\"article:modified_time\" content=\"2022-02-18T19:26:22+00:00\" \/>\n<meta name=\"twitter:card\" content=\"summary_large_image\" \/>\n<meta name=\"twitter:label1\" content=\"Tiempo de lectura\" \/>\n\t<meta name=\"twitter:data1\" content=\"2 minutos\" \/>\n<!-- \/ Yoast SEO plugin. -->","yoast_head_json":{"title":"Reformas y Servicios Post-Venta - Monalisa Homes","robots":{"index":"index","follow":"follow","max-snippet":"max-snippet:-1","max-image-preview":"max-image-preview:large","max-video-preview":"max-video-preview:-1"},"canonical":"https:\/\/www.monalisahomes.es\/es\/servicios\/reformas-y-servicios-post-venta\/","og_locale":"es_ES","og_type":"article","og_title":"Reformas y Servicios Post-Venta - Monalisa Homes","og_description":"[vc_row][vc_column][vc_custom_heading text=\u00bbReformas y Servicios Post-Venta\u00bb font_container=\u00bbtag:h1|text_align:center\u00bb use_theme_fonts=\u00bbyes\u00bb][\/vc_column][\/vc_row][vc_row][vc_column width=\u00bb1\/2&#8243;][vc_column_text] Reformas [\/vc_column_text][vc_column_text]Tanto si desea hacer peque\u00f1as reformas en su casa o proyectos m\u00e1s profesionales en Monalisa Homes nos adaptamos a nuestros clientes. Le asesoraremos para que saque el m\u00e1ximo provecho al espacio del que dispone. Entre nuestros [&hellip;]","og_url":"https:\/\/www.monalisahomes.es\/es\/servicios\/reformas-y-servicios-post-venta\/","og_site_name":"Monalisa Homes","article_modified_time":"2022-02-18T19:26:22+00:00","twitter_card":"summary_large_image","twitter_misc":{"Tiempo de lectura":"2 minutos"},"schema":{"@context":"https:\/\/schema.org","@graph":[{"@type":"WebPage","@id":"https:\/\/www.monalisahomes.es\/es\/servicios\/reformas-y-servicios-post-venta\/","url":"https:\/\/www.monalisahomes.es\/es\/servicios\/reformas-y-servicios-post-venta\/","name":"Reformas y Servicios Post-Venta - Monalisa Homes","isPartOf":{"@id":"https:\/\/www.monalisahomes.es\/#website"},"datePublished":"2022-02-18T18:56:32+00:00","dateModified":"2022-02-18T19:26:22+00:00","breadcrumb":{"@id":"https:\/\/www.monalisahomes.es\/es\/servicios\/reformas-y-servicios-post-venta\/#breadcrumb"},"inLanguage":"es","potentialAction":[{"@type":"ReadAction","target":["https:\/\/www.monalisahomes.es\/es\/servicios\/reformas-y-servicios-post-venta\/"]}]},{"@type":"BreadcrumbList","@id":"https:\/\/www.monalisahomes.es\/es\/servicios\/reformas-y-servicios-post-venta\/#breadcrumb","itemListElement":[{"@type":"ListItem","position":1,"name":"Home","item":"https:\/\/www.monalisahomes.es\/es\/"},{"@type":"ListItem","position":2,"name":"Inicio","item":"https:\/\/www.monalisahomes.es\/es\/"},{"@type":"ListItem","position":3,"name":"Reformas y Servicios Post-Venta"}]},{"@type":"WebSite","@id":"https:\/\/www.monalisahomes.es\/#website","url":"https:\/\/www.monalisahomes.es\/","name":"Monalisa Homes","description":"Real Estate in Costa del Sol","publisher":{"@id":"https:\/\/www.monalisahomes.es\/#organization"},"potentialAction":[{"@type":"SearchAction","target":{"@type":"EntryPoint","urlTemplate":"https:\/\/www.monalisahomes.es\/?s={search_term_string}"},"query-input":{"@type":"PropertyValueSpecification","valueRequired":true,"valueName":"search_term_string"}}],"inLanguage":"es"},{"@type":"Organization","@id":"https:\/\/www.monalisahomes.es\/#organization","name":"Monalisa Homes","url":"https:\/\/www.monalisahomes.es\/","logo":{"@type":"ImageObject","inLanguage":"es","@id":"https:\/\/www.monalisahomes.es\/#\/schema\/logo\/image\/","url":"https:\/\/www.monalisahomes.es\/wp-content\/uploads\/monalisa-logo-new2x.png","contentUrl":"https:\/\/www.monalisahomes.es\/wp-content\/uploads\/monalisa-logo-new2x.png","width":348,"height":299,"caption":"Monalisa Homes"},"image":{"@id":"https:\/\/www.monalisahomes.es\/#\/schema\/logo\/image\/"}}]}},"_links":{"self":[{"href":"https:\/\/www.monalisahomes.es\/es\/wp-json\/wp\/v2\/pages\/1501","targetHints":{"allow":["GET"]}}],"collection":[{"href":"https:\/\/www.monalisahomes.es\/es\/wp-json\/wp\/v2\/pages"}],"about":[{"href":"https:\/\/www.monalisahomes.es\/es\/wp-json\/wp\/v2\/types\/page"}],"author":[{"embeddable":true,"href":"https:\/\/www.monalisahomes.es\/es\/wp-json\/wp\/v2\/users\/1"}],"replies":[{"embeddable":true,"href":"https:\/\/www.monalisahomes.es\/es\/wp-json\/wp\/v2\/comments?post=1501"}],"version-history":[{"count":0,"href":"https:\/\/www.monalisahomes.es\/es\/wp-json\/wp\/v2\/pages\/1501\/revisions"}],"up":[{"embeddable":true,"href":"https:\/\/www.monalisahomes.es\/es\/wp-json\/wp\/v2\/pages\/723"}],"wp:attachment":[{"href":"https:\/\/www.monalisahomes.es\/es\/wp-json\/wp\/v2\/media?parent=1501"}],"curies":[{"name":"wp","href":"https:\/\/api.w.org\/{rel}","templated":true}]}}