{"id":3400,"date":"2022-01-07T16:09:18","date_gmt":"2022-01-07T16:09:18","guid":{"rendered":"https:\/\/www.monalisahomes.es\/contact\/"},"modified":"2022-03-10T13:11:54","modified_gmt":"2022-03-10T13:11:54","slug":"contact","status":"publish","type":"page","link":"https:\/\/www.monalisahomes.es\/fr\/contact\/","title":{"rendered":"Contacter Monalisa Homes"},"content":{"rendered":"<p>[vc_row][vc_column width=\u00a0\u00bb1\/2&Prime;][vc_column_text]<\/p>\n<h2><strong>Formulaire de contact<\/strong><\/h2>\n<p>Veuillez remplir le formulaire de contact ci-dessous et nous r\u00e9pondrons \u00e0 toutes vos demandes dans les plus brefs d\u00e9lais.[\/vc_column_text]\n<div class=\"wpcf7 no-js\" id=\"wpcf7-f3439-o1\" lang=\"fr-FR\" dir=\"ltr\" data-wpcf7-id=\"3439\">\n<div class=\"screen-reader-response\"><p role=\"status\" aria-live=\"polite\" aria-atomic=\"true\"><\/p> <ul><\/ul><\/div>\n<form action=\"\/fr\/wp-json\/wp\/v2\/pages\/3400#wpcf7-f3439-o1\" method=\"post\" class=\"wpcf7-form init\" aria-label=\"Formulaire de contact\" novalidate=\"novalidate\" data-status=\"init\">\n<div style=\"display: none;\">\n<input type=\"hidden\" name=\"_wpcf7\" value=\"3439\" \/>\n<input type=\"hidden\" name=\"_wpcf7_version\" value=\"6.0.5\" \/>\n<input type=\"hidden\" name=\"_wpcf7_locale\" value=\"fr_FR\" \/>\n<input type=\"hidden\" name=\"_wpcf7_unit_tag\" value=\"wpcf7-f3439-o1\" \/>\n<input type=\"hidden\" name=\"_wpcf7_container_post\" value=\"0\" \/>\n<input type=\"hidden\" name=\"_wpcf7_posted_data_hash\" value=\"\" \/>\n<\/div>\n<div>\n\t<p><label for=\"cname\">Nom complet <em>*<\/em><\/label><span class=\"wpcf7-form-control-wrap\" data-name=\"cname\"><input size=\"40\" maxlength=\"400\" class=\"wpcf7-form-control wpcf7-text wpcf7-validates-as-required\" id=\"cname\" aria-required=\"true\" aria-invalid=\"false\" value=\"\" type=\"text\" name=\"cname\" \/><\/span>\n\t<\/p>\n<\/div>\n<div>\n\t<p><label for=\"ctel\">T\u00e9l\u00e9phone<\/label><span class=\"wpcf7-form-control-wrap\" data-name=\"ctel\"><input size=\"40\" maxlength=\"400\" class=\"wpcf7-form-control wpcf7-tel wpcf7-text wpcf7-validates-as-tel\" id=\"ctel\" aria-invalid=\"false\" value=\"\" type=\"tel\" name=\"ctel\" \/><\/span>\n\t<\/p>\n<\/div>\n<div>\n\t<p><label for=\"cemail\">E-mail <em>*<\/em><\/label><span class=\"wpcf7-form-control-wrap\" data-name=\"cemail\"><input size=\"40\" maxlength=\"400\" class=\"wpcf7-form-control wpcf7-email wpcf7-validates-as-required wpcf7-text wpcf7-validates-as-email\" id=\"cemail\" aria-required=\"true\" aria-invalid=\"false\" value=\"\" type=\"email\" name=\"cemail\" \/><\/span>\n\t<\/p>\n<\/div>\n<div class=\"msg\">\n\t<p><label for=\"cmsg\">Message<\/label><span class=\"wpcf7-form-control-wrap\" data-name=\"cmsg\"><textarea cols=\"40\" rows=\"10\" maxlength=\"2000\" class=\"wpcf7-form-control wpcf7-textarea\" id=\"cmsg\" aria-invalid=\"false\" name=\"cmsg\"><\/textarea><\/span>\n\t<\/p>\n<\/div>\n<div>\n\t<p><span class=\"wpcf7-form-control-wrap\" data-name=\"acceptance\"><span class=\"wpcf7-form-control wpcf7-acceptance\"><span class=\"wpcf7-list-item\"><label><input type=\"checkbox\" name=\"acceptance\" value=\"1\" aria-invalid=\"false\" \/><span class=\"wpcf7-list-item-label\">Acceptez nos <a href=\"\/terminos-legales\/\">termes et conditions<\/a><\/span><\/label><\/span><\/span><\/span>\n\t<\/p>\n<\/div>\n<div class=\"btnright\">\n\t<p><input class=\"wpcf7-form-control wpcf7-submit has-spinner button\" type=\"submit\" value=\"Envoyer\" \/>\n\t<\/p>\n<\/div><div class=\"wpcf7-response-output\" aria-hidden=\"true\"><\/div>\n<\/form>\n<\/div>\n[\/vc_column][vc_column width=\u00a0\u00bb1\/2&Prime;][vc_column_text]<\/p>\n<h2><strong>Nos bureaux<\/strong>\u00a0| Marbella<\/h2>\n<p>N&rsquo;h\u00e9sitez pas \u00e0 venir visiter nos bureaux ou \u00e0 nous appeler au num\u00e9ro suivant :[\/vc_column_text][vc_column_text]<\/p>\n<ul class=\"contact\">\n<li><strong>Addresse:<\/strong> Centro Comercial Los Naranjos, oficina 3<br \/>\n29660 Nueva Andalucia &#8211; Marbella<\/li>\n<li><strong>T\u00e9l\u00e9phone:<\/strong> <a href=\"tel:+34632488015\">+34 632 48 80 15<\/a><\/li>\n<li><strong>Email:<\/strong> <a href=\"mailto:info@monalisahomes.es\">info@monalisahomes.es<\/a><br \/>\n<a href=\"mailto:adel@monalisahomes.es\">adel@monalisahomes.es<\/a><br \/>\n<a href=\"mailto:jamal@monalisahomes.es\">jamal@monalisahomes.es<\/a><\/li>\n<\/ul>\n<p>[\/vc_column_text][\/vc_column][\/vc_row][vc_row css=\u00a0\u00bb.vc_custom_1643658977774{margin-top: 45px !important;}\u00a0\u00bb][vc_column][vc_custom_heading text=\u00a0\u00bbNotre emplacement sur la carte\u00a0\u00bb use_theme_fonts=\u00a0\u00bbyes\u00a0\u00bb el_class=\u00a0\u00bbhome-headline right\u00a0\u00bb][\/vc_column][\/vc_row]<\/p>\n","protected":false},"excerpt":{"rendered":"<p>[vc_row][vc_column width=\u00a0\u00bb1\/2&Prime;][vc_column_text] Formulaire de contact Veuillez remplir le formulaire de contact ci-dessous et nous r\u00e9pondrons \u00e0 toutes vos demandes dans les plus brefs d\u00e9lais.[\/vc_column_text][\/vc_column][vc_column width=\u00a0\u00bb1\/2&Prime;][vc_column_text] Nos bureaux\u00a0| Marbella N&rsquo;h\u00e9sitez pas \u00e0 venir visiter nos bureaux ou \u00e0 nous appeler au num\u00e9ro suivant :[\/vc_column_text][vc_column_text] Addresse: Centro [&hellip;]<\/p>\n","protected":false},"author":1,"featured_media":0,"parent":0,"menu_order":0,"comment_status":"closed","ping_status":"closed","template":"template-contact.php","meta":{"footnotes":""},"class_list":["post-3400","page","type-page","status-publish","hentry"],"yoast_head":"<!-- This site is optimized with the Yoast SEO plugin v24.8 - https:\/\/yoast.com\/wordpress\/plugins\/seo\/ -->\n<title>Contacter Monalisa Homes - Monalisa Homes<\/title>\n<meta name=\"robots\" content=\"index, follow, max-snippet:-1, max-image-preview:large, max-video-preview:-1\" \/>\n<link rel=\"canonical\" href=\"https:\/\/www.monalisahomes.es\/fr\/contact\/\" \/>\n<meta property=\"og:locale\" content=\"fr_FR\" \/>\n<meta property=\"og:type\" content=\"article\" \/>\n<meta property=\"og:title\" content=\"Contacter Monalisa Homes - Monalisa Homes\" \/>\n<meta property=\"og:description\" content=\"[vc_row][vc_column width=\u00a0\u00bb1\/2&Prime;][vc_column_text] Formulaire de contact Veuillez remplir le formulaire de contact ci-dessous et nous r\u00e9pondrons \u00e0 toutes vos demandes dans les plus brefs d\u00e9lais.[\/vc_column_text][\/vc_column][vc_column width=\u00a0\u00bb1\/2&Prime;][vc_column_text] Nos bureaux\u00a0| Marbella N&rsquo;h\u00e9sitez pas \u00e0 venir visiter nos bureaux ou \u00e0 nous appeler au num\u00e9ro suivant :[\/vc_column_text][vc_column_text] Addresse: Centro [&hellip;]\" \/>\n<meta property=\"og:url\" content=\"https:\/\/www.monalisahomes.es\/fr\/contact\/\" \/>\n<meta property=\"og:site_name\" content=\"Monalisa Homes\" \/>\n<meta property=\"article:modified_time\" content=\"2022-03-10T13:11:54+00:00\" \/>\n<meta name=\"twitter:card\" content=\"summary_large_image\" \/>\n<meta name=\"twitter:label1\" content=\"Dur\u00e9e de lecture estim\u00e9e\" \/>\n\t<meta name=\"twitter:data1\" content=\"1 minute\" \/>\n<!-- \/ Yoast SEO plugin. -->","yoast_head_json":{"title":"Contacter Monalisa Homes - Monalisa Homes","robots":{"index":"index","follow":"follow","max-snippet":"max-snippet:-1","max-image-preview":"max-image-preview:large","max-video-preview":"max-video-preview:-1"},"canonical":"https:\/\/www.monalisahomes.es\/fr\/contact\/","og_locale":"fr_FR","og_type":"article","og_title":"Contacter Monalisa Homes - Monalisa Homes","og_description":"[vc_row][vc_column width=\u00a0\u00bb1\/2&Prime;][vc_column_text] Formulaire de contact Veuillez remplir le formulaire de contact ci-dessous et nous r\u00e9pondrons \u00e0 toutes vos demandes dans les plus brefs d\u00e9lais.[\/vc_column_text][\/vc_column][vc_column width=\u00a0\u00bb1\/2&Prime;][vc_column_text] Nos bureaux\u00a0| Marbella N&rsquo;h\u00e9sitez pas \u00e0 venir visiter nos bureaux ou \u00e0 nous appeler au num\u00e9ro suivant :[\/vc_column_text][vc_column_text] Addresse: Centro [&hellip;]","og_url":"https:\/\/www.monalisahomes.es\/fr\/contact\/","og_site_name":"Monalisa Homes","article_modified_time":"2022-03-10T13:11:54+00:00","twitter_card":"summary_large_image","twitter_misc":{"Dur\u00e9e de lecture estim\u00e9e":"1 minute"},"schema":{"@context":"https:\/\/schema.org","@graph":[{"@type":"WebPage","@id":"https:\/\/www.monalisahomes.es\/fr\/contact\/","url":"https:\/\/www.monalisahomes.es\/fr\/contact\/","name":"Contacter Monalisa Homes - Monalisa Homes","isPartOf":{"@id":"https:\/\/www.monalisahomes.es\/#website"},"datePublished":"2022-01-07T16:09:18+00:00","dateModified":"2022-03-10T13:11:54+00:00","breadcrumb":{"@id":"https:\/\/www.monalisahomes.es\/fr\/contact\/#breadcrumb"},"inLanguage":"fr-FR","potentialAction":[{"@type":"ReadAction","target":["https:\/\/www.monalisahomes.es\/fr\/contact\/"]}]},{"@type":"BreadcrumbList","@id":"https:\/\/www.monalisahomes.es\/fr\/contact\/#breadcrumb","itemListElement":[{"@type":"ListItem","position":1,"name":"Home","item":"https:\/\/www.monalisahomes.es\/fr\/"},{"@type":"ListItem","position":2,"name":"Contacter Monalisa Homes"}]},{"@type":"WebSite","@id":"https:\/\/www.monalisahomes.es\/#website","url":"https:\/\/www.monalisahomes.es\/","name":"Monalisa Homes","description":"Real Estate in Costa del Sol","publisher":{"@id":"https:\/\/www.monalisahomes.es\/#organization"},"potentialAction":[{"@type":"SearchAction","target":{"@type":"EntryPoint","urlTemplate":"https:\/\/www.monalisahomes.es\/?s={search_term_string}"},"query-input":{"@type":"PropertyValueSpecification","valueRequired":true,"valueName":"search_term_string"}}],"inLanguage":"fr-FR"},{"@type":"Organization","@id":"https:\/\/www.monalisahomes.es\/#organization","name":"Monalisa Homes","url":"https:\/\/www.monalisahomes.es\/","logo":{"@type":"ImageObject","inLanguage":"fr-FR","@id":"https:\/\/www.monalisahomes.es\/#\/schema\/logo\/image\/","url":"https:\/\/www.monalisahomes.es\/wp-content\/uploads\/monalisa-logo-new2x.png","contentUrl":"https:\/\/www.monalisahomes.es\/wp-content\/uploads\/monalisa-logo-new2x.png","width":348,"height":299,"caption":"Monalisa Homes"},"image":{"@id":"https:\/\/www.monalisahomes.es\/#\/schema\/logo\/image\/"}}]}},"_links":{"self":[{"href":"https:\/\/www.monalisahomes.es\/fr\/wp-json\/wp\/v2\/pages\/3400","targetHints":{"allow":["GET"]}}],"collection":[{"href":"https:\/\/www.monalisahomes.es\/fr\/wp-json\/wp\/v2\/pages"}],"about":[{"href":"https:\/\/www.monalisahomes.es\/fr\/wp-json\/wp\/v2\/types\/page"}],"author":[{"embeddable":true,"href":"https:\/\/www.monalisahomes.es\/fr\/wp-json\/wp\/v2\/users\/1"}],"replies":[{"embeddable":true,"href":"https:\/\/www.monalisahomes.es\/fr\/wp-json\/wp\/v2\/comments?post=3400"}],"version-history":[{"count":0,"href":"https:\/\/www.monalisahomes.es\/fr\/wp-json\/wp\/v2\/pages\/3400\/revisions"}],"wp:attachment":[{"href":"https:\/\/www.monalisahomes.es\/fr\/wp-json\/wp\/v2\/media?parent=3400"}],"curies":[{"name":"wp","href":"https:\/\/api.w.org\/{rel}","templated":true}]}}