{"id":3402,"date":"2022-02-11T15:23:12","date_gmt":"2022-02-11T15:23:12","guid":{"rendered":"https:\/\/www.monalisahomes.es\/inicio-fr\/legal-assistance\/"},"modified":"2022-03-09T17:23:20","modified_gmt":"2022-03-09T17:23:20","slug":"assistence-juridique","status":"publish","type":"page","link":"https:\/\/www.monalisahomes.es\/fr\/services\/assistence-juridique\/","title":{"rendered":"Assistence juridique"},"content":{"rendered":"<p>[vc_row][vc_column][vc_custom_heading text=\u00a0\u00bbAssistence juridique\u00a0\u00bb font_container=\u00a0\u00bbtag:h1|text_align:center\u00a0\u00bb use_theme_fonts=\u00a0\u00bbyes\u00a0\u00bb][\/vc_column][\/vc_row][vc_row][vc_column width=\u00a0\u00bb1\/2&Prime;][vc_column_text]<\/p>\n<h3><strong>Processus d&rsquo;achat<\/strong><\/h3>\n<p>L&rsquo;achat d&rsquo;une propri\u00e9t\u00e9 est l&rsquo;une des d\u00e9cisions les plus difficiles \u00e0 prendre, mais le processus en Espagne n&rsquo;est pas tr\u00e8s diff\u00e9rent de l&rsquo;achat d&rsquo;une propri\u00e9t\u00e9 dans votre pays d&rsquo;origine.<\/p>\n<p>Vous trouverez ci-dessous les principales \u00e9tapes et les principaux aspects du processus d&rsquo;achat.[\/vc_column_text][vc_single_image image=\u00a0\u00bb694&Prime; img_size=\u00a0\u00bb1390&#215;550&Prime; alignment=\u00a0\u00bbcenter\u00a0\u00bb][\/vc_column][vc_column width=\u00a0\u00bb1\/2&Prime;][vc_column_text]<\/p>\n<h3><strong>Confiance et fiabilit\u00e9<\/strong><\/h3>\n<p>Chez Monalisa Homes, nous vous conseillons et vous guidons tout au long du processus l\u00e9gal, afin que l&rsquo;op\u00e9ration se d\u00e9roule en toute transparence et clart\u00e9.<\/p>\n<p>Nous veillerons \u00e0 ce qu&rsquo;\u00e0 chaque \u00e9tape du processus, vous disposiez de toutes les informations pour assurer la vente en toute garantie.[\/vc_column_text][vc_single_image image=\u00a0\u00bb696&Prime; img_size=\u00a0\u00bb1390&#215;550&Prime; alignment=\u00a0\u00bbcenter\u00a0\u00bb][\/vc_column][\/vc_row][vc_row][vc_column width=\u00a0\u00bb1\/3&Prime;][vc_column_text]<\/p>\n<h3><strong>Statut juridique<\/strong><\/h3>\n<p>[\/vc_column_text][vc_single_image image=\u00a0\u00bb692&Prime; img_size=\u00a0\u00bb443&#215;250&Prime;][vc_column_text]Tout d&rsquo;abord, tous les documents l\u00e9gaux sont n\u00e9cessaires.<\/p>\n<p>Il est important d&rsquo;avoir certains des documents suivants afin de conna\u00eetre le statut l\u00e9gal de la propri\u00e9t\u00e9.<\/p>\n<p>Le registre de la propri\u00e9t\u00e9, le certificat d&rsquo;occupation, la confirmation que la propri\u00e9t\u00e9 est libre de charges, sa l\u00e9galit\u00e9 et que la surface de la maison est la m\u00eame que celle du cadastre sont quelques-uns des documents les plus importants qui doivent \u00eatre exig\u00e9s.[\/vc_column_text][\/vc_column][vc_column width=\u00a0\u00bb1\/3&Prime;][vc_column_text]<\/p>\n<h3><strong>Contrat priv\u00e9<\/strong><\/h3>\n<p>[\/vc_column_text][vc_single_image image=\u00a0\u00bb691&Prime; img_size=\u00a0\u00bb443&#215;250&Prime;][vc_column_text]Une fois que les documents juridiques ont \u00e9t\u00e9 v\u00e9rifi\u00e9s et que tous les papiers appartenant \u00e0 la propri\u00e9t\u00e9 sont en ordre, le contrat d&rsquo;achat priv\u00e9 sera sign\u00e9. Ce contrat sera sign\u00e9 avant la signature des actes de propri\u00e9t\u00e9 du bien.<\/p>\n<p>Ce contrat n&rsquo;est pas obligatoire mais il garantit l&rsquo;op\u00e9ration d&rsquo;achat, fixe le prix de vente, permet de verser un d\u00e9p\u00f4t de r\u00e9servation et donne le temps de pr\u00e9parer toute la documentation n\u00e9cessaire \u00e0 la signature ult\u00e9rieure des actes devant un notaire.[\/vc_column_text][\/vc_column][vc_column width=\u00a0\u00bb1\/3&Prime;][vc_column_text]<\/p>\n<h3><strong>Titre de propri\u00e9t\u00e9<\/strong><\/h3>\n<p>[\/vc_column_text][vc_single_image image=\u00a0\u00bb688&Prime; img_size=\u00a0\u00bb443&#215;250&Prime;][vc_column_text]Enfin, les actes seront sign\u00e9s, les cl\u00e9s seront remises et le paiement de la propri\u00e9t\u00e9 aura lieu.<\/p>\n<p>Afin d&rsquo;enregistrer le bien au registre de la propri\u00e9t\u00e9, il est n\u00e9cessaire de signer l&rsquo;acte devant un notaire.<\/p>\n<p>C&rsquo;est l&rsquo;acheteur qui choisit le notaire qui lui convient le mieux.<\/p>\n<p>Ce processus entra\u00eenera diff\u00e9rentes d\u00e9penses telles que le registre des propri\u00e9t\u00e9s, les frais de notaire, les taxes et autres.[\/vc_column_text][\/vc_column][\/vc_row][vc_row][vc_column][\/vc_column][\/vc_row]<\/p>\n","protected":false},"excerpt":{"rendered":"<p>[vc_row][vc_column][vc_custom_heading text=\u00a0\u00bbAssistence juridique\u00a0\u00bb font_container=\u00a0\u00bbtag:h1|text_align:center\u00a0\u00bb use_theme_fonts=\u00a0\u00bbyes\u00a0\u00bb][\/vc_column][\/vc_row][vc_row][vc_column width=\u00a0\u00bb1\/2&Prime;][vc_column_text] Processus d&rsquo;achat L&rsquo;achat d&rsquo;une propri\u00e9t\u00e9 est l&rsquo;une des d\u00e9cisions les plus difficiles \u00e0 prendre, mais le processus en Espagne n&rsquo;est pas tr\u00e8s diff\u00e9rent de l&rsquo;achat d&rsquo;une propri\u00e9t\u00e9 dans votre pays d&rsquo;origine. Vous trouverez ci-dessous les principales \u00e9tapes et les [&hellip;]<\/p>\n","protected":false},"author":1,"featured_media":0,"parent":725,"menu_order":1,"comment_status":"closed","ping_status":"closed","template":"","meta":{"footnotes":""},"class_list":["post-3402","page","type-page","status-publish","hentry"],"yoast_head":"<!-- This site is optimized with the Yoast SEO plugin v24.8 - https:\/\/yoast.com\/wordpress\/plugins\/seo\/ -->\n<title>Assistence juridique - Monalisa Homes<\/title>\n<meta name=\"robots\" content=\"index, follow, max-snippet:-1, max-image-preview:large, max-video-preview:-1\" \/>\n<link rel=\"canonical\" href=\"https:\/\/www.monalisahomes.es\/fr\/services\/assistence-juridique\/\" \/>\n<meta property=\"og:locale\" content=\"fr_FR\" \/>\n<meta property=\"og:type\" content=\"article\" \/>\n<meta property=\"og:title\" content=\"Assistence juridique - Monalisa Homes\" \/>\n<meta property=\"og:description\" content=\"[vc_row][vc_column][vc_custom_heading text=\u00a0\u00bbAssistence juridique\u00a0\u00bb font_container=\u00a0\u00bbtag:h1|text_align:center\u00a0\u00bb use_theme_fonts=\u00a0\u00bbyes\u00a0\u00bb][\/vc_column][\/vc_row][vc_row][vc_column width=\u00a0\u00bb1\/2&Prime;][vc_column_text] Processus d&rsquo;achat L&rsquo;achat d&rsquo;une propri\u00e9t\u00e9 est l&rsquo;une des d\u00e9cisions les plus difficiles \u00e0 prendre, mais le processus en Espagne n&rsquo;est pas tr\u00e8s diff\u00e9rent de l&rsquo;achat d&rsquo;une propri\u00e9t\u00e9 dans votre pays d&rsquo;origine. Vous trouverez ci-dessous les principales \u00e9tapes et les [&hellip;]\" \/>\n<meta property=\"og:url\" content=\"https:\/\/www.monalisahomes.es\/fr\/services\/assistence-juridique\/\" \/>\n<meta property=\"og:site_name\" content=\"Monalisa Homes\" \/>\n<meta property=\"article:modified_time\" content=\"2022-03-09T17:23:20+00:00\" \/>\n<meta name=\"twitter:card\" content=\"summary_large_image\" \/>\n<meta name=\"twitter:label1\" content=\"Dur\u00e9e de lecture estim\u00e9e\" \/>\n\t<meta name=\"twitter:data1\" content=\"2 minutes\" \/>\n<!-- \/ Yoast SEO plugin. -->","yoast_head_json":{"title":"Assistence juridique - Monalisa Homes","robots":{"index":"index","follow":"follow","max-snippet":"max-snippet:-1","max-image-preview":"max-image-preview:large","max-video-preview":"max-video-preview:-1"},"canonical":"https:\/\/www.monalisahomes.es\/fr\/services\/assistence-juridique\/","og_locale":"fr_FR","og_type":"article","og_title":"Assistence juridique - Monalisa Homes","og_description":"[vc_row][vc_column][vc_custom_heading text=\u00a0\u00bbAssistence juridique\u00a0\u00bb font_container=\u00a0\u00bbtag:h1|text_align:center\u00a0\u00bb use_theme_fonts=\u00a0\u00bbyes\u00a0\u00bb][\/vc_column][\/vc_row][vc_row][vc_column width=\u00a0\u00bb1\/2&Prime;][vc_column_text] Processus d&rsquo;achat L&rsquo;achat d&rsquo;une propri\u00e9t\u00e9 est l&rsquo;une des d\u00e9cisions les plus difficiles \u00e0 prendre, mais le processus en Espagne n&rsquo;est pas tr\u00e8s diff\u00e9rent de l&rsquo;achat d&rsquo;une propri\u00e9t\u00e9 dans votre pays d&rsquo;origine. Vous trouverez ci-dessous les principales \u00e9tapes et les [&hellip;]","og_url":"https:\/\/www.monalisahomes.es\/fr\/services\/assistence-juridique\/","og_site_name":"Monalisa Homes","article_modified_time":"2022-03-09T17:23:20+00:00","twitter_card":"summary_large_image","twitter_misc":{"Dur\u00e9e de lecture estim\u00e9e":"2 minutes"},"schema":{"@context":"https:\/\/schema.org","@graph":[{"@type":"WebPage","@id":"https:\/\/www.monalisahomes.es\/fr\/services\/assistence-juridique\/","url":"https:\/\/www.monalisahomes.es\/fr\/services\/assistence-juridique\/","name":"Assistence juridique - Monalisa Homes","isPartOf":{"@id":"https:\/\/www.monalisahomes.es\/#website"},"datePublished":"2022-02-11T15:23:12+00:00","dateModified":"2022-03-09T17:23:20+00:00","breadcrumb":{"@id":"https:\/\/www.monalisahomes.es\/fr\/services\/assistence-juridique\/#breadcrumb"},"inLanguage":"fr-FR","potentialAction":[{"@type":"ReadAction","target":["https:\/\/www.monalisahomes.es\/fr\/services\/assistence-juridique\/"]}]},{"@type":"BreadcrumbList","@id":"https:\/\/www.monalisahomes.es\/fr\/services\/assistence-juridique\/#breadcrumb","itemListElement":[{"@type":"ListItem","position":1,"name":"Home","item":"https:\/\/www.monalisahomes.es\/fr\/"},{"@type":"ListItem","position":2,"name":"Page d&#8217;accueil","item":"https:\/\/www.monalisahomes.es\/fr\/"},{"@type":"ListItem","position":3,"name":"Assistence juridique"}]},{"@type":"WebSite","@id":"https:\/\/www.monalisahomes.es\/#website","url":"https:\/\/www.monalisahomes.es\/","name":"Monalisa Homes","description":"Real Estate in Costa del Sol","publisher":{"@id":"https:\/\/www.monalisahomes.es\/#organization"},"potentialAction":[{"@type":"SearchAction","target":{"@type":"EntryPoint","urlTemplate":"https:\/\/www.monalisahomes.es\/?s={search_term_string}"},"query-input":{"@type":"PropertyValueSpecification","valueRequired":true,"valueName":"search_term_string"}}],"inLanguage":"fr-FR"},{"@type":"Organization","@id":"https:\/\/www.monalisahomes.es\/#organization","name":"Monalisa Homes","url":"https:\/\/www.monalisahomes.es\/","logo":{"@type":"ImageObject","inLanguage":"fr-FR","@id":"https:\/\/www.monalisahomes.es\/#\/schema\/logo\/image\/","url":"https:\/\/www.monalisahomes.es\/wp-content\/uploads\/monalisa-logo-new2x.png","contentUrl":"https:\/\/www.monalisahomes.es\/wp-content\/uploads\/monalisa-logo-new2x.png","width":348,"height":299,"caption":"Monalisa Homes"},"image":{"@id":"https:\/\/www.monalisahomes.es\/#\/schema\/logo\/image\/"}}]}},"_links":{"self":[{"href":"https:\/\/www.monalisahomes.es\/fr\/wp-json\/wp\/v2\/pages\/3402","targetHints":{"allow":["GET"]}}],"collection":[{"href":"https:\/\/www.monalisahomes.es\/fr\/wp-json\/wp\/v2\/pages"}],"about":[{"href":"https:\/\/www.monalisahomes.es\/fr\/wp-json\/wp\/v2\/types\/page"}],"author":[{"embeddable":true,"href":"https:\/\/www.monalisahomes.es\/fr\/wp-json\/wp\/v2\/users\/1"}],"replies":[{"embeddable":true,"href":"https:\/\/www.monalisahomes.es\/fr\/wp-json\/wp\/v2\/comments?post=3402"}],"version-history":[{"count":0,"href":"https:\/\/www.monalisahomes.es\/fr\/wp-json\/wp\/v2\/pages\/3402\/revisions"}],"up":[{"embeddable":true,"href":"https:\/\/www.monalisahomes.es\/fr\/wp-json\/wp\/v2\/pages\/725"}],"wp:attachment":[{"href":"https:\/\/www.monalisahomes.es\/fr\/wp-json\/wp\/v2\/media?parent=3402"}],"curies":[{"name":"wp","href":"https:\/\/api.w.org\/{rel}","templated":true}]}}