{"id":3404,"date":"2022-02-11T15:30:38","date_gmt":"2022-02-11T15:30:38","guid":{"rendered":"https:\/\/www.monalisahomes.es\/inicio-fr\/property-assistance\/"},"modified":"2022-03-07T17:01:08","modified_gmt":"2022-03-07T17:01:08","slug":"assistance-immobiliere","status":"publish","type":"page","link":"https:\/\/www.monalisahomes.es\/fr\/services\/assistance-immobiliere\/","title":{"rendered":"Assistance immobili\u00e8re"},"content":{"rendered":"<p>[vc_row][vc_column][vc_custom_heading text=\u00a0\u00bbAssistance immobili\u00e8re\u00a0\u00bb font_container=\u00a0\u00bbtag:h1|text_align:center\u00a0\u00bb use_theme_fonts=\u00a0\u00bbyes\u00a0\u00bb][\/vc_column][\/vc_row][vc_row][vc_column width=\u00a0\u00bb1\/2&Prime;][vc_column_text]<\/p>\n<h2><strong>Investir dans un bien immobilier<\/strong><\/h2>\n<p>Qu&rsquo;il s&rsquo;agisse d&rsquo;acheter une maison pour y vivre ou d&rsquo;investir dans un logement, cela n\u00e9cessite une connaissance et une analyse approfondies du secteur de l&rsquo;immobilier. Il est donc essentiel de b\u00e9n\u00e9ficier ey profit\u00e9 de tout les conseils ad\u00e9quats.[\/vc_column_text][vc_single_image image=\u00a0\u00bb703&Prime; img_size=\u00a0\u00bb680&#215;340&Prime;][vc_column_text]Il est essentiel de b\u00e9n\u00e9ficier de bons conseils en mati\u00e8re d&rsquo;immobilier lors de l&rsquo;investissement d&rsquo;un bien, que ce soit pour un usage personnel ou \u00e0 titre de placement, car il s&rsquo;agira de l&rsquo;une des d\u00e9cisions les plus importantes pour garantir que l&rsquo;investissement g\u00e9n\u00e9rera des revenus et fera appr\u00e9cier le bien et fructifier l&rsquo;argent.[\/vc_column_text][\/vc_column][vc_column width=\u00a0\u00bb1\/2&Prime;][vc_column_text]<\/p>\n<h2><strong>Acheter avec des conseils professionnels<\/strong><\/h2>\n<p>L&rsquo;achat d&rsquo;une maison n\u00e9cessite de nombreuses connaissances dans le domaine de l&rsquo;immobilier. Il est important d&rsquo;analyser la zone et l&#8217;emplacement de la propri\u00e9t\u00e9, d&rsquo;examiner les aspects juridiques, de g\u00e9rer les pr\u00eats hypoth\u00e9caires, de g\u00e9rer la paperasse, etc.[\/vc_column_text][vc_single_image image=\u00a0\u00bb705&Prime; img_size=\u00a0\u00bb680&#215;340&Prime;][vc_column_text]Il est important de contacter un conseiller expert qui peut acc\u00e9l\u00e9rer et faciliter toutes ces proc\u00e9dures.<\/p>\n<p>Les avantages de travailler avec nous sont les suivants : nous \u00e9viterons les fraudes, nous acc\u00e9l\u00e9rerons les proc\u00e9dures, nous v\u00e9rifierons que les contrats sont bien r\u00e9dig\u00e9s, nous chercherons la maison id\u00e9ale, qu&rsquo;il s&rsquo;agisse d&rsquo;une maison priv\u00e9e ou d&rsquo;un investissement, et nous veillerons \u00e0 ce que vous achetiez une propri\u00e9t\u00e9 en bon \u00e9tat.[\/vc_column_text][\/vc_column][\/vc_row]<\/p>\n","protected":false},"excerpt":{"rendered":"<p>[vc_row][vc_column][vc_custom_heading text=\u00a0\u00bbAssistance immobili\u00e8re\u00a0\u00bb font_container=\u00a0\u00bbtag:h1|text_align:center\u00a0\u00bb use_theme_fonts=\u00a0\u00bbyes\u00a0\u00bb][\/vc_column][\/vc_row][vc_row][vc_column width=\u00a0\u00bb1\/2&Prime;][vc_column_text] Investir dans un bien immobilier Qu&rsquo;il s&rsquo;agisse d&rsquo;acheter une maison pour y vivre ou d&rsquo;investir dans un logement, cela n\u00e9cessite une connaissance et une analyse approfondies du secteur de l&rsquo;immobilier. Il est donc essentiel de b\u00e9n\u00e9ficier ey profit\u00e9 de [&hellip;]<\/p>\n","protected":false},"author":1,"featured_media":0,"parent":725,"menu_order":2,"comment_status":"closed","ping_status":"closed","template":"","meta":{"footnotes":""},"class_list":["post-3404","page","type-page","status-publish","hentry"],"yoast_head":"<!-- This site is optimized with the Yoast SEO plugin v24.8 - https:\/\/yoast.com\/wordpress\/plugins\/seo\/ -->\n<title>Assistance immobili\u00e8re - Monalisa Homes<\/title>\n<meta name=\"robots\" content=\"index, follow, max-snippet:-1, max-image-preview:large, max-video-preview:-1\" \/>\n<link rel=\"canonical\" href=\"https:\/\/www.monalisahomes.es\/fr\/services\/assistance-immobiliere\/\" \/>\n<meta property=\"og:locale\" content=\"fr_FR\" \/>\n<meta property=\"og:type\" content=\"article\" \/>\n<meta property=\"og:title\" content=\"Assistance immobili\u00e8re - Monalisa Homes\" \/>\n<meta property=\"og:description\" content=\"[vc_row][vc_column][vc_custom_heading text=\u00a0\u00bbAssistance immobili\u00e8re\u00a0\u00bb font_container=\u00a0\u00bbtag:h1|text_align:center\u00a0\u00bb use_theme_fonts=\u00a0\u00bbyes\u00a0\u00bb][\/vc_column][\/vc_row][vc_row][vc_column width=\u00a0\u00bb1\/2&Prime;][vc_column_text] Investir dans un bien immobilier Qu&rsquo;il s&rsquo;agisse d&rsquo;acheter une maison pour y vivre ou d&rsquo;investir dans un logement, cela n\u00e9cessite une connaissance et une analyse approfondies du secteur de l&rsquo;immobilier. Il est donc essentiel de b\u00e9n\u00e9ficier ey profit\u00e9 de [&hellip;]\" \/>\n<meta property=\"og:url\" content=\"https:\/\/www.monalisahomes.es\/fr\/services\/assistance-immobiliere\/\" \/>\n<meta property=\"og:site_name\" content=\"Monalisa Homes\" \/>\n<meta property=\"article:modified_time\" content=\"2022-03-07T17:01:08+00:00\" \/>\n<meta name=\"twitter:card\" content=\"summary_large_image\" \/>\n<meta name=\"twitter:label1\" content=\"Dur\u00e9e de lecture estim\u00e9e\" \/>\n\t<meta name=\"twitter:data1\" content=\"2 minutes\" \/>\n<!-- \/ Yoast SEO plugin. -->","yoast_head_json":{"title":"Assistance immobili\u00e8re - Monalisa Homes","robots":{"index":"index","follow":"follow","max-snippet":"max-snippet:-1","max-image-preview":"max-image-preview:large","max-video-preview":"max-video-preview:-1"},"canonical":"https:\/\/www.monalisahomes.es\/fr\/services\/assistance-immobiliere\/","og_locale":"fr_FR","og_type":"article","og_title":"Assistance immobili\u00e8re - Monalisa Homes","og_description":"[vc_row][vc_column][vc_custom_heading text=\u00a0\u00bbAssistance immobili\u00e8re\u00a0\u00bb font_container=\u00a0\u00bbtag:h1|text_align:center\u00a0\u00bb use_theme_fonts=\u00a0\u00bbyes\u00a0\u00bb][\/vc_column][\/vc_row][vc_row][vc_column width=\u00a0\u00bb1\/2&Prime;][vc_column_text] Investir dans un bien immobilier Qu&rsquo;il s&rsquo;agisse d&rsquo;acheter une maison pour y vivre ou d&rsquo;investir dans un logement, cela n\u00e9cessite une connaissance et une analyse approfondies du secteur de l&rsquo;immobilier. Il est donc essentiel de b\u00e9n\u00e9ficier ey profit\u00e9 de [&hellip;]","og_url":"https:\/\/www.monalisahomes.es\/fr\/services\/assistance-immobiliere\/","og_site_name":"Monalisa Homes","article_modified_time":"2022-03-07T17:01:08+00:00","twitter_card":"summary_large_image","twitter_misc":{"Dur\u00e9e de lecture estim\u00e9e":"2 minutes"},"schema":{"@context":"https:\/\/schema.org","@graph":[{"@type":"WebPage","@id":"https:\/\/www.monalisahomes.es\/fr\/services\/assistance-immobiliere\/","url":"https:\/\/www.monalisahomes.es\/fr\/services\/assistance-immobiliere\/","name":"Assistance immobili\u00e8re - Monalisa Homes","isPartOf":{"@id":"https:\/\/www.monalisahomes.es\/#website"},"datePublished":"2022-02-11T15:30:38+00:00","dateModified":"2022-03-07T17:01:08+00:00","breadcrumb":{"@id":"https:\/\/www.monalisahomes.es\/fr\/services\/assistance-immobiliere\/#breadcrumb"},"inLanguage":"fr-FR","potentialAction":[{"@type":"ReadAction","target":["https:\/\/www.monalisahomes.es\/fr\/services\/assistance-immobiliere\/"]}]},{"@type":"BreadcrumbList","@id":"https:\/\/www.monalisahomes.es\/fr\/services\/assistance-immobiliere\/#breadcrumb","itemListElement":[{"@type":"ListItem","position":1,"name":"Home","item":"https:\/\/www.monalisahomes.es\/fr\/"},{"@type":"ListItem","position":2,"name":"Page d&#8217;accueil","item":"https:\/\/www.monalisahomes.es\/fr\/"},{"@type":"ListItem","position":3,"name":"Assistance immobili\u00e8re"}]},{"@type":"WebSite","@id":"https:\/\/www.monalisahomes.es\/#website","url":"https:\/\/www.monalisahomes.es\/","name":"Monalisa Homes","description":"Real Estate in Costa del Sol","publisher":{"@id":"https:\/\/www.monalisahomes.es\/#organization"},"potentialAction":[{"@type":"SearchAction","target":{"@type":"EntryPoint","urlTemplate":"https:\/\/www.monalisahomes.es\/?s={search_term_string}"},"query-input":{"@type":"PropertyValueSpecification","valueRequired":true,"valueName":"search_term_string"}}],"inLanguage":"fr-FR"},{"@type":"Organization","@id":"https:\/\/www.monalisahomes.es\/#organization","name":"Monalisa Homes","url":"https:\/\/www.monalisahomes.es\/","logo":{"@type":"ImageObject","inLanguage":"fr-FR","@id":"https:\/\/www.monalisahomes.es\/#\/schema\/logo\/image\/","url":"https:\/\/www.monalisahomes.es\/wp-content\/uploads\/monalisa-logo-new2x.png","contentUrl":"https:\/\/www.monalisahomes.es\/wp-content\/uploads\/monalisa-logo-new2x.png","width":348,"height":299,"caption":"Monalisa Homes"},"image":{"@id":"https:\/\/www.monalisahomes.es\/#\/schema\/logo\/image\/"}}]}},"_links":{"self":[{"href":"https:\/\/www.monalisahomes.es\/fr\/wp-json\/wp\/v2\/pages\/3404","targetHints":{"allow":["GET"]}}],"collection":[{"href":"https:\/\/www.monalisahomes.es\/fr\/wp-json\/wp\/v2\/pages"}],"about":[{"href":"https:\/\/www.monalisahomes.es\/fr\/wp-json\/wp\/v2\/types\/page"}],"author":[{"embeddable":true,"href":"https:\/\/www.monalisahomes.es\/fr\/wp-json\/wp\/v2\/users\/1"}],"replies":[{"embeddable":true,"href":"https:\/\/www.monalisahomes.es\/fr\/wp-json\/wp\/v2\/comments?post=3404"}],"version-history":[{"count":0,"href":"https:\/\/www.monalisahomes.es\/fr\/wp-json\/wp\/v2\/pages\/3404\/revisions"}],"up":[{"embeddable":true,"href":"https:\/\/www.monalisahomes.es\/fr\/wp-json\/wp\/v2\/pages\/725"}],"wp:attachment":[{"href":"https:\/\/www.monalisahomes.es\/fr\/wp-json\/wp\/v2\/media?parent=3404"}],"curies":[{"name":"wp","href":"https:\/\/api.w.org\/{rel}","templated":true}]}}