{"id":3407,"date":"2022-02-11T15:31:01","date_gmt":"2022-02-11T15:31:01","guid":{"rendered":"https:\/\/www.monalisahomes.es\/inicio-fr\/maintenance\/"},"modified":"2022-03-07T15:10:32","modified_gmt":"2022-03-07T15:10:32","slug":"maintenance","status":"publish","type":"page","link":"https:\/\/www.monalisahomes.es\/fr\/services\/maintenance\/","title":{"rendered":"Maintenance"},"content":{"rendered":"<p>[vc_row][vc_column][vc_custom_heading text=\u00a0\u00bbMaintenance\u00a0\u00bb font_container=\u00a0\u00bbtag:h1|text_align:center\u00a0\u00bb use_theme_fonts=\u00a0\u00bbyes\u00a0\u00bb][\/vc_column][\/vc_row][vc_row][vc_column width=\u00a0\u00bb1\/2&Prime;][vc_column_text]<\/p>\n<h3><strong>Services d&rsquo;entretien<\/strong><\/h3>\n<p>Notre objectif est de vous offrir des services de maintenance int\u00e9grale que nous adaptons personnellement \u00e0 vos besoins, en vous fournissant des informations constamment actualis\u00e9es sur la situation de votre maison.<\/p>\n<p>Nous proposons de assistance technique, jardinage, nettoyage, r\u00e9parations&#8230;[\/vc_column_text][vc_single_image image=\u00a0\u00bb684&Prime; img_size=\u00a0\u00bb680&#215;340&Prime;][vc_column_text]Nous sommes disponibles 24 heures sur 24 et 7 jours sur 7 pour tout incident et\/ou urgence.[\/vc_column_text][\/vc_column][vc_column width=\u00a0\u00bb1\/2&Prime;][vc_column_text]<\/p>\n<h2><strong>R\u00e9paration de votre maison<\/strong><\/h2>\n<p>Si votre propri\u00e9t\u00e9 subit un accident quelconque, nous vous fournirons les meilleurs professionnels disponibles.<\/p>\n<p>Nos \u00e9lectriciens, plombiers et charpentiers r\u00e9pareront votre maison pour qu&rsquo;elle reste exempte d&rsquo;incidents.[\/vc_column_text][vc_single_image image=\u00a0\u00bb686&Prime; img_size=\u00a0\u00bb680&#215;340&Prime;][vc_column_text]Nous travaillons efficacement et traitons avec votre compagnie d&rsquo;assurance de foyer.[\/vc_column_text][\/vc_column][\/vc_row][vc_row][vc_column width=\u00a0\u00bb1\/3&Prime;][vc_single_image image=\u00a0\u00bb678&Prime; img_size=\u00a0\u00bb443&#215;250&Prime;][vc_column_text]<\/p>\n<h3><strong>Jardinage<\/strong><\/h3>\n<p>Nous offrons des services complets de jardinage qui s&rsquo;occuperont de tout ce qui est n\u00e9cessaire, entretien, arrosage et taille. Nous proposons \u00e9galement un syst\u00e8me d&rsquo;irrigation, l&rsquo;entretien, la lutte contre les parasites, la plantation de fleurs et de plantes saisonni\u00e8res, etc.<\/p>\n<p>Tout ce dont vous avez besoin pour avoir un beau jardin \u00e0 appr\u00e9cier.[\/vc_column_text][\/vc_column][vc_column width=\u00a0\u00bb1\/3&Prime;][vc_single_image image=\u00a0\u00bb680&Prime; img_size=\u00a0\u00bb443&#215;250&Prime;][vc_column_text]<\/p>\n<h3><strong>Assistance technique<\/strong><\/h3>\n<p>Dans le cas o\u00f9 votre propri\u00e9t\u00e9 est vide, nous effectuerons des visites p\u00e9riodiques pour examiner la conservation de votre maison et v\u00e9rifier que tout fonctionne et qu&rsquo;il n&rsquo;y a pas d&rsquo;incident sur la propri\u00e9t\u00e9.<\/p>\n<p>En cas d&rsquo;incidents, nous nous chargerons de faire les r\u00e9clamations aupr\u00e8s des compagnies d&rsquo;assurance ou autres entit\u00e9s li\u00e9es.[\/vc_column_text][\/vc_column][vc_column width=\u00a0\u00bb1\/3&Prime;][vc_single_image image=\u00a0\u00bb682&Prime; img_size=\u00a0\u00bb443&#215;250&Prime;][vc_column_text]<\/p>\n<h3><strong>Entretien et nettoyage<\/strong><\/h3>\n<p>Toute notre \u00e9quipe de professionnels du nettoyage sera \u00e0 votre disposition pour \u00e9viter l&rsquo;usure que subit la maison avec le temps.<\/p>\n<p>Nous proposons des services de nettoyage de maisons, tant \u00e0 l&rsquo;int\u00e9rieur qu&rsquo;\u00e0 l&rsquo;ext\u00e9rieur, de nettoyage de jardins, de peinture de fa\u00e7ades, de nettoyage de canaux de drainage, etc.[\/vc_column_text][\/vc_column][\/vc_row]<\/p>\n","protected":false},"excerpt":{"rendered":"<p>[vc_row][vc_column][vc_custom_heading text=\u00a0\u00bbMaintenance\u00a0\u00bb font_container=\u00a0\u00bbtag:h1|text_align:center\u00a0\u00bb use_theme_fonts=\u00a0\u00bbyes\u00a0\u00bb][\/vc_column][\/vc_row][vc_row][vc_column width=\u00a0\u00bb1\/2&Prime;][vc_column_text] Services d&rsquo;entretien Notre objectif est de vous offrir des services de maintenance int\u00e9grale que nous adaptons personnellement \u00e0 vos besoins, en vous fournissant des informations constamment actualis\u00e9es sur la situation de votre maison. Nous proposons de assistance technique, jardinage, nettoyage, [&hellip;]<\/p>\n","protected":false},"author":1,"featured_media":0,"parent":725,"menu_order":3,"comment_status":"closed","ping_status":"closed","template":"","meta":{"footnotes":""},"class_list":["post-3407","page","type-page","status-publish","hentry"],"yoast_head":"<!-- This site is optimized with the Yoast SEO plugin v24.8 - https:\/\/yoast.com\/wordpress\/plugins\/seo\/ -->\n<title>Maintenance - Monalisa Homes<\/title>\n<meta name=\"robots\" content=\"index, follow, max-snippet:-1, max-image-preview:large, max-video-preview:-1\" \/>\n<link rel=\"canonical\" href=\"https:\/\/www.monalisahomes.es\/fr\/services\/maintenance\/\" \/>\n<meta property=\"og:locale\" content=\"fr_FR\" \/>\n<meta property=\"og:type\" content=\"article\" \/>\n<meta property=\"og:title\" content=\"Maintenance - Monalisa Homes\" \/>\n<meta property=\"og:description\" content=\"[vc_row][vc_column][vc_custom_heading text=\u00a0\u00bbMaintenance\u00a0\u00bb font_container=\u00a0\u00bbtag:h1|text_align:center\u00a0\u00bb use_theme_fonts=\u00a0\u00bbyes\u00a0\u00bb][\/vc_column][\/vc_row][vc_row][vc_column width=\u00a0\u00bb1\/2&Prime;][vc_column_text] Services d&rsquo;entretien Notre objectif est de vous offrir des services de maintenance int\u00e9grale que nous adaptons personnellement \u00e0 vos besoins, en vous fournissant des informations constamment actualis\u00e9es sur la situation de votre maison. Nous proposons de assistance technique, jardinage, nettoyage, [&hellip;]\" \/>\n<meta property=\"og:url\" content=\"https:\/\/www.monalisahomes.es\/fr\/services\/maintenance\/\" \/>\n<meta property=\"og:site_name\" content=\"Monalisa Homes\" \/>\n<meta property=\"article:modified_time\" content=\"2022-03-07T15:10:32+00:00\" \/>\n<meta name=\"twitter:card\" content=\"summary_large_image\" \/>\n<meta name=\"twitter:label1\" content=\"Dur\u00e9e de lecture estim\u00e9e\" \/>\n\t<meta name=\"twitter:data1\" content=\"2 minutes\" \/>\n<!-- \/ Yoast SEO plugin. -->","yoast_head_json":{"title":"Maintenance - Monalisa Homes","robots":{"index":"index","follow":"follow","max-snippet":"max-snippet:-1","max-image-preview":"max-image-preview:large","max-video-preview":"max-video-preview:-1"},"canonical":"https:\/\/www.monalisahomes.es\/fr\/services\/maintenance\/","og_locale":"fr_FR","og_type":"article","og_title":"Maintenance - Monalisa Homes","og_description":"[vc_row][vc_column][vc_custom_heading text=\u00a0\u00bbMaintenance\u00a0\u00bb font_container=\u00a0\u00bbtag:h1|text_align:center\u00a0\u00bb use_theme_fonts=\u00a0\u00bbyes\u00a0\u00bb][\/vc_column][\/vc_row][vc_row][vc_column width=\u00a0\u00bb1\/2&Prime;][vc_column_text] Services d&rsquo;entretien Notre objectif est de vous offrir des services de maintenance int\u00e9grale que nous adaptons personnellement \u00e0 vos besoins, en vous fournissant des informations constamment actualis\u00e9es sur la situation de votre maison. Nous proposons de assistance technique, jardinage, nettoyage, [&hellip;]","og_url":"https:\/\/www.monalisahomes.es\/fr\/services\/maintenance\/","og_site_name":"Monalisa Homes","article_modified_time":"2022-03-07T15:10:32+00:00","twitter_card":"summary_large_image","twitter_misc":{"Dur\u00e9e de lecture estim\u00e9e":"2 minutes"},"schema":{"@context":"https:\/\/schema.org","@graph":[{"@type":"WebPage","@id":"https:\/\/www.monalisahomes.es\/fr\/services\/maintenance\/","url":"https:\/\/www.monalisahomes.es\/fr\/services\/maintenance\/","name":"Maintenance - Monalisa Homes","isPartOf":{"@id":"https:\/\/www.monalisahomes.es\/#website"},"datePublished":"2022-02-11T15:31:01+00:00","dateModified":"2022-03-07T15:10:32+00:00","breadcrumb":{"@id":"https:\/\/www.monalisahomes.es\/fr\/services\/maintenance\/#breadcrumb"},"inLanguage":"fr-FR","potentialAction":[{"@type":"ReadAction","target":["https:\/\/www.monalisahomes.es\/fr\/services\/maintenance\/"]}]},{"@type":"BreadcrumbList","@id":"https:\/\/www.monalisahomes.es\/fr\/services\/maintenance\/#breadcrumb","itemListElement":[{"@type":"ListItem","position":1,"name":"Home","item":"https:\/\/www.monalisahomes.es\/fr\/"},{"@type":"ListItem","position":2,"name":"Page d&#8217;accueil","item":"https:\/\/www.monalisahomes.es\/fr\/"},{"@type":"ListItem","position":3,"name":"Maintenance"}]},{"@type":"WebSite","@id":"https:\/\/www.monalisahomes.es\/#website","url":"https:\/\/www.monalisahomes.es\/","name":"Monalisa Homes","description":"Real Estate in Costa del Sol","publisher":{"@id":"https:\/\/www.monalisahomes.es\/#organization"},"potentialAction":[{"@type":"SearchAction","target":{"@type":"EntryPoint","urlTemplate":"https:\/\/www.monalisahomes.es\/?s={search_term_string}"},"query-input":{"@type":"PropertyValueSpecification","valueRequired":true,"valueName":"search_term_string"}}],"inLanguage":"fr-FR"},{"@type":"Organization","@id":"https:\/\/www.monalisahomes.es\/#organization","name":"Monalisa Homes","url":"https:\/\/www.monalisahomes.es\/","logo":{"@type":"ImageObject","inLanguage":"fr-FR","@id":"https:\/\/www.monalisahomes.es\/#\/schema\/logo\/image\/","url":"https:\/\/www.monalisahomes.es\/wp-content\/uploads\/monalisa-logo-new2x.png","contentUrl":"https:\/\/www.monalisahomes.es\/wp-content\/uploads\/monalisa-logo-new2x.png","width":348,"height":299,"caption":"Monalisa Homes"},"image":{"@id":"https:\/\/www.monalisahomes.es\/#\/schema\/logo\/image\/"}}]}},"_links":{"self":[{"href":"https:\/\/www.monalisahomes.es\/fr\/wp-json\/wp\/v2\/pages\/3407","targetHints":{"allow":["GET"]}}],"collection":[{"href":"https:\/\/www.monalisahomes.es\/fr\/wp-json\/wp\/v2\/pages"}],"about":[{"href":"https:\/\/www.monalisahomes.es\/fr\/wp-json\/wp\/v2\/types\/page"}],"author":[{"embeddable":true,"href":"https:\/\/www.monalisahomes.es\/fr\/wp-json\/wp\/v2\/users\/1"}],"replies":[{"embeddable":true,"href":"https:\/\/www.monalisahomes.es\/fr\/wp-json\/wp\/v2\/comments?post=3407"}],"version-history":[{"count":0,"href":"https:\/\/www.monalisahomes.es\/fr\/wp-json\/wp\/v2\/pages\/3407\/revisions"}],"up":[{"embeddable":true,"href":"https:\/\/www.monalisahomes.es\/fr\/wp-json\/wp\/v2\/pages\/725"}],"wp:attachment":[{"href":"https:\/\/www.monalisahomes.es\/fr\/wp-json\/wp\/v2\/media?parent=3407"}],"curies":[{"name":"wp","href":"https:\/\/api.w.org\/{rel}","templated":true}]}}