{"id":3410,"date":"2022-02-17T11:56:26","date_gmt":"2022-02-17T11:56:26","guid":{"rendered":"https:\/\/www.monalisahomes.es\/inicio-fr\/reforms-and-aftersales\/"},"modified":"2022-03-07T17:03:52","modified_gmt":"2022-03-07T17:03:52","slug":"reformes-lapres-vente","status":"publish","type":"page","link":"https:\/\/www.monalisahomes.es\/fr\/services\/reformes-lapres-vente\/","title":{"rendered":"Les R\u00e9formes et l&rsquo;Apr\u00e8s-vente"},"content":{"rendered":"<p>[vc_row][vc_column][vc_custom_heading text=\u00a0\u00bbLES R\u00c9FORMES ET L&rsquo;APR\u00c8S-VENTE\u00a0\u00bb font_container=\u00a0\u00bbtag:h1|text_align:center\u00a0\u00bb use_theme_fonts=\u00a0\u00bbyes\u00a0\u00bb][\/vc_column][\/vc_row][vc_row][vc_column width=\u00a0\u00bb1\/2&Prime;][vc_column_text]<\/p>\n<h2><strong>R\u00e9novations<\/strong><\/h2>\n<p>[\/vc_column_text][vc_column_text]Que vous souhaitiez faire de petites r\u00e9novations dans votre maison ou des projets professionnels plus importants, chez <strong>Monalisa Homes<\/strong>, nous nous adapterons \u00e0 vos besoins et \u00e0 vos exigences. Nous vous conseillerons pour tirer le meilleur parti de l&rsquo;espace dont vous disposez.<\/p>\n<p>Voici quelques-uns de nos services de r\u00e9forme int\u00e9grale :[\/vc_column_text][vc_single_image image=\u00a0\u00bb1438&Prime; img_size=\u00a0\u00bb680&#215;340&Prime;][vc_column_text]<\/p>\n<h3><strong>Conseil professionnel<\/strong><\/h3>\n<p>Qu&rsquo;il s&rsquo;agisse de r\u00e9novations immobili\u00e8res, de maisons, de cuisines et de fa\u00e7ades d&rsquo;immeubles, de r\u00e9formes de locaux commerciaux, d&rsquo;urbanisations ou de d\u00e9molitions, qu&rsquo;elles soient petites ou grandes, nous disposons de la meilleure \u00e9quipe d&rsquo;architectes, de techniciens et de constructeurs professionnels qui vous conseilleront au mieux.<\/p>\n<h3><strong>Projets personnalis\u00e9s<\/strong><\/h3>\n<p>Chaque projet est unique, et poss\u00e8de une atmosph\u00e8re exclusive et personnelle. Notre \u00e9quipe de professionnels s&rsquo;occupera des mesures, du plan de travail et du d\u00e9veloppement du projet, depuis le d\u00e9but, y compris l&rsquo;installation de la plomberie et de l&rsquo;\u00e9lectricit\u00e9, jusqu&rsquo;au dernier d\u00e9tail.[\/vc_column_text][vc_single_image image=\u00a0\u00bb1454&Prime; img_size=\u00a0\u00bb680&#215;340&Prime;][vc_column_text]<\/p>\n<h3><strong>Devis sur mesure<\/strong><\/h3>\n<p>Nous \u00e9tablissons un devis sans engagement pour tout type de r\u00e9novation et l&rsquo;adaptons \u00e0 vos exigences et \u00e0 vos besoins. Nous travaillons avec diff\u00e9rents fournisseurs.<\/p>\n<h3><strong>Garantie<\/strong><\/h3>\n<p>Tant la r\u00e9novation que les mat\u00e9riaux utilis\u00e9s lors de la construction b\u00e9n\u00e9ficient d&rsquo;une garantie. Veuillez consulter pour plus d&rsquo;informations.<\/p>\n<p>[\/vc_column_text][\/vc_column][vc_column width=\u00a0\u00bb1\/2&Prime;][vc_column_text]<\/p>\n<h2><strong>Services apr\u00e8s-vente<\/strong><\/h2>\n<p>[\/vc_column_text][vc_column_text]Chez <strong>Monalisa Homes<\/strong> nous sommes conscients qu&rsquo;une fois la propri\u00e9t\u00e9 achet\u00e9e, il y a diff\u00e9rents besoins qui doivent \u00eatre r\u00e9solus afin de profiter pleinement de votre nouvelle maison et de vous adapter \u00e0 votre nouveau quartier et style de vie.<\/p>\n<p>Nous sommes \u00e0 votre disposition pour tout type d&rsquo;aide dont vous avez besoin.[\/vc_column_text][vc_single_image image=\u00a0\u00bb1433&Prime; img_size=\u00a0\u00bb680&#215;340&Prime;][vc_column_text]<\/p>\n<h3><strong>D\u00e9coration et am\u00e9nagement int\u00e9rieur<\/strong><\/h3>\n<p>Apr\u00e8s tant d&rsquo;ann\u00e9es dans le secteur, nous avons d\u00e9velopp\u00e9 et connu les meilleurs professionnels de la d\u00e9coration, de l&rsquo;\u00e9clairage, des paysagistes, etc. Nos clients sollicitent nos services car nous avons les meilleures r\u00e9f\u00e9rences de magasins de meubles, d&rsquo;entreprises d\u00e9di\u00e9es \u00e0 l&rsquo;installation de maisons intelligentes, de syst\u00e8mes audiovisuels, etc.<\/p>\n<h3><strong>D\u00e9m\u00e9nagement<\/strong><\/h3>\n<p>Que vous ayez besoin de d\u00e9m\u00e9nager au niveau national ou international, nous travaillons avec un large \u00e9ventail de soci\u00e9t\u00e9s de d\u00e9m\u00e9nagement. Nous organiserons l&rsquo;ensemble du processus avec la plus grande confiance afin que toutes vos marchandises arrivent intactes \u00e0 votre nouvelle propri\u00e9t\u00e9.[\/vc_column_text][vc_single_image image=\u00a0\u00bb1450&Prime; img_size=\u00a0\u00bb680&#215;340&Prime;][vc_column_text]<\/p>\n<h3><strong>\u00c9coles, h\u00f4pitaux, clubs sociaux et sportifs<\/strong><\/h3>\n<p>Nous vous conseillerons et vous fournirons des informations sur les besoins de base en fonction de la zone dans laquelle vous avez votre domicile. Des \u00e9coles publiques et priv\u00e9es aux h\u00f4pitaux et cliniques sp\u00e9cialis\u00e9s, en passant par les clubs sociaux, les installations sportives, etc. Tout ce dont vous avez besoin pour vous sentir prot\u00e9g\u00e9 et en de bonnes mains.<\/p>\n<h3><strong>Conseillers fiscaux, comptables et autres questions juridiques<\/strong><\/h3>\n<p>Nous disposons d&rsquo;un large \u00e9ventail de professionnels qui peuvent vous aider en mati\u00e8re de planification des actifs, de questions immobili\u00e8res, de succession, de retraite, de conseils en mati\u00e8re d&#8217;emploi, etc.[\/vc_column_text][\/vc_column][\/vc_row]<\/p>\n","protected":false},"excerpt":{"rendered":"<p>[vc_row][vc_column][vc_custom_heading text=\u00a0\u00bbLES R\u00c9FORMES ET L&rsquo;APR\u00c8S-VENTE\u00a0\u00bb font_container=\u00a0\u00bbtag:h1|text_align:center\u00a0\u00bb use_theme_fonts=\u00a0\u00bbyes\u00a0\u00bb][\/vc_column][\/vc_row][vc_row][vc_column width=\u00a0\u00bb1\/2&Prime;][vc_column_text] R\u00e9novations [\/vc_column_text][vc_column_text]Que vous souhaitiez faire de petites r\u00e9novations dans votre maison ou des projets professionnels plus importants, chez Monalisa Homes, nous nous adapterons \u00e0 vos besoins et \u00e0 vos exigences. Nous vous conseillerons pour tirer le meilleur [&hellip;]<\/p>\n","protected":false},"author":1,"featured_media":0,"parent":725,"menu_order":4,"comment_status":"closed","ping_status":"closed","template":"","meta":{"footnotes":""},"class_list":["post-3410","page","type-page","status-publish","hentry"],"yoast_head":"<!-- This site is optimized with the Yoast SEO plugin v24.8 - https:\/\/yoast.com\/wordpress\/plugins\/seo\/ -->\n<title>Les R\u00e9formes et l&#039;Apr\u00e8s-vente - Monalisa Homes<\/title>\n<meta name=\"robots\" content=\"index, follow, max-snippet:-1, max-image-preview:large, max-video-preview:-1\" \/>\n<link rel=\"canonical\" href=\"https:\/\/www.monalisahomes.es\/fr\/services\/reformes-lapres-vente\/\" \/>\n<meta property=\"og:locale\" content=\"fr_FR\" \/>\n<meta property=\"og:type\" content=\"article\" \/>\n<meta property=\"og:title\" content=\"Les R\u00e9formes et l&#039;Apr\u00e8s-vente - Monalisa Homes\" \/>\n<meta property=\"og:description\" content=\"[vc_row][vc_column][vc_custom_heading text=\u00a0\u00bbLES R\u00c9FORMES ET L&rsquo;APR\u00c8S-VENTE\u00a0\u00bb font_container=\u00a0\u00bbtag:h1|text_align:center\u00a0\u00bb use_theme_fonts=\u00a0\u00bbyes\u00a0\u00bb][\/vc_column][\/vc_row][vc_row][vc_column width=\u00a0\u00bb1\/2&Prime;][vc_column_text] R\u00e9novations [\/vc_column_text][vc_column_text]Que vous souhaitiez faire de petites r\u00e9novations dans votre maison ou des projets professionnels plus importants, chez Monalisa Homes, nous nous adapterons \u00e0 vos besoins et \u00e0 vos exigences. Nous vous conseillerons pour tirer le meilleur [&hellip;]\" \/>\n<meta property=\"og:url\" content=\"https:\/\/www.monalisahomes.es\/fr\/services\/reformes-lapres-vente\/\" \/>\n<meta property=\"og:site_name\" content=\"Monalisa Homes\" \/>\n<meta property=\"article:modified_time\" content=\"2022-03-07T17:03:52+00:00\" \/>\n<meta name=\"twitter:card\" content=\"summary_large_image\" \/>\n<meta name=\"twitter:label1\" content=\"Dur\u00e9e de lecture estim\u00e9e\" \/>\n\t<meta name=\"twitter:data1\" content=\"2 minutes\" \/>\n<!-- \/ Yoast SEO plugin. -->","yoast_head_json":{"title":"Les R\u00e9formes et l'Apr\u00e8s-vente - Monalisa Homes","robots":{"index":"index","follow":"follow","max-snippet":"max-snippet:-1","max-image-preview":"max-image-preview:large","max-video-preview":"max-video-preview:-1"},"canonical":"https:\/\/www.monalisahomes.es\/fr\/services\/reformes-lapres-vente\/","og_locale":"fr_FR","og_type":"article","og_title":"Les R\u00e9formes et l'Apr\u00e8s-vente - Monalisa Homes","og_description":"[vc_row][vc_column][vc_custom_heading text=\u00a0\u00bbLES R\u00c9FORMES ET L&rsquo;APR\u00c8S-VENTE\u00a0\u00bb font_container=\u00a0\u00bbtag:h1|text_align:center\u00a0\u00bb use_theme_fonts=\u00a0\u00bbyes\u00a0\u00bb][\/vc_column][\/vc_row][vc_row][vc_column width=\u00a0\u00bb1\/2&Prime;][vc_column_text] R\u00e9novations [\/vc_column_text][vc_column_text]Que vous souhaitiez faire de petites r\u00e9novations dans votre maison ou des projets professionnels plus importants, chez Monalisa Homes, nous nous adapterons \u00e0 vos besoins et \u00e0 vos exigences. Nous vous conseillerons pour tirer le meilleur [&hellip;]","og_url":"https:\/\/www.monalisahomes.es\/fr\/services\/reformes-lapres-vente\/","og_site_name":"Monalisa Homes","article_modified_time":"2022-03-07T17:03:52+00:00","twitter_card":"summary_large_image","twitter_misc":{"Dur\u00e9e de lecture estim\u00e9e":"2 minutes"},"schema":{"@context":"https:\/\/schema.org","@graph":[{"@type":"WebPage","@id":"https:\/\/www.monalisahomes.es\/fr\/services\/reformes-lapres-vente\/","url":"https:\/\/www.monalisahomes.es\/fr\/services\/reformes-lapres-vente\/","name":"Les R\u00e9formes et l'Apr\u00e8s-vente - Monalisa Homes","isPartOf":{"@id":"https:\/\/www.monalisahomes.es\/#website"},"datePublished":"2022-02-17T11:56:26+00:00","dateModified":"2022-03-07T17:03:52+00:00","breadcrumb":{"@id":"https:\/\/www.monalisahomes.es\/fr\/services\/reformes-lapres-vente\/#breadcrumb"},"inLanguage":"fr-FR","potentialAction":[{"@type":"ReadAction","target":["https:\/\/www.monalisahomes.es\/fr\/services\/reformes-lapres-vente\/"]}]},{"@type":"BreadcrumbList","@id":"https:\/\/www.monalisahomes.es\/fr\/services\/reformes-lapres-vente\/#breadcrumb","itemListElement":[{"@type":"ListItem","position":1,"name":"Home","item":"https:\/\/www.monalisahomes.es\/fr\/"},{"@type":"ListItem","position":2,"name":"Page d&#8217;accueil","item":"https:\/\/www.monalisahomes.es\/fr\/"},{"@type":"ListItem","position":3,"name":"Les R\u00e9formes et l&#8217;Apr\u00e8s-vente"}]},{"@type":"WebSite","@id":"https:\/\/www.monalisahomes.es\/#website","url":"https:\/\/www.monalisahomes.es\/","name":"Monalisa Homes","description":"Real Estate in Costa del Sol","publisher":{"@id":"https:\/\/www.monalisahomes.es\/#organization"},"potentialAction":[{"@type":"SearchAction","target":{"@type":"EntryPoint","urlTemplate":"https:\/\/www.monalisahomes.es\/?s={search_term_string}"},"query-input":{"@type":"PropertyValueSpecification","valueRequired":true,"valueName":"search_term_string"}}],"inLanguage":"fr-FR"},{"@type":"Organization","@id":"https:\/\/www.monalisahomes.es\/#organization","name":"Monalisa Homes","url":"https:\/\/www.monalisahomes.es\/","logo":{"@type":"ImageObject","inLanguage":"fr-FR","@id":"https:\/\/www.monalisahomes.es\/#\/schema\/logo\/image\/","url":"https:\/\/www.monalisahomes.es\/wp-content\/uploads\/monalisa-logo-new2x.png","contentUrl":"https:\/\/www.monalisahomes.es\/wp-content\/uploads\/monalisa-logo-new2x.png","width":348,"height":299,"caption":"Monalisa Homes"},"image":{"@id":"https:\/\/www.monalisahomes.es\/#\/schema\/logo\/image\/"}}]}},"_links":{"self":[{"href":"https:\/\/www.monalisahomes.es\/fr\/wp-json\/wp\/v2\/pages\/3410","targetHints":{"allow":["GET"]}}],"collection":[{"href":"https:\/\/www.monalisahomes.es\/fr\/wp-json\/wp\/v2\/pages"}],"about":[{"href":"https:\/\/www.monalisahomes.es\/fr\/wp-json\/wp\/v2\/types\/page"}],"author":[{"embeddable":true,"href":"https:\/\/www.monalisahomes.es\/fr\/wp-json\/wp\/v2\/users\/1"}],"replies":[{"embeddable":true,"href":"https:\/\/www.monalisahomes.es\/fr\/wp-json\/wp\/v2\/comments?post=3410"}],"version-history":[{"count":0,"href":"https:\/\/www.monalisahomes.es\/fr\/wp-json\/wp\/v2\/pages\/3410\/revisions"}],"up":[{"embeddable":true,"href":"https:\/\/www.monalisahomes.es\/fr\/wp-json\/wp\/v2\/pages\/725"}],"wp:attachment":[{"href":"https:\/\/www.monalisahomes.es\/fr\/wp-json\/wp\/v2\/media?parent=3410"}],"curies":[{"name":"wp","href":"https:\/\/api.w.org\/{rel}","templated":true}]}}